{"id":329,"date":"2022-10-14T01:00:38","date_gmt":"2022-10-13T22:00:38","guid":{"rendered":"https:\/\/deliverback.com\/?page_id=329"},"modified":"2026-03-13T12:18:53","modified_gmt":"2026-03-13T09:18:53","slug":"lost-and-found-software-for-hotels","status":"publish","type":"page","link":"https:\/\/deliverback.com\/de\/lost-and-found-software-for-hotels\/","title":{"rendered":"Lost and Found Software f\u00fcr Hotels"},"content":{"rendered":"","protected":false},"excerpt":{"rendered":"<p>beste Software f\u00fcr Fundsachen f\u00fcr Hotels<\/p>","protected":false},"author":3,"featured_media":0,"parent":0,"menu_order":0,"comment_status":"closed","ping_status":"closed","template":"","meta":{"footnotes":""},"class_list":["post-329","page","type-page","status-publish","hentry"],"_links":{"self":[{"href":"https:\/\/deliverback.com\/de\/wp-json\/wp\/v2\/pages\/329","targetHints":{"allow":["GET"]}}],"collection":[{"href":"https:\/\/deliverback.com\/de\/wp-json\/wp\/v2\/pages"}],"about":[{"href":"https:\/\/deliverback.com\/de\/wp-json\/wp\/v2\/types\/page"}],"author":[{"embeddable":true,"href":"https:\/\/deliverback.com\/de\/wp-json\/wp\/v2\/users\/3"}],"replies":[{"embeddable":true,"href":"https:\/\/deliverback.com\/de\/wp-json\/wp\/v2\/comments?post=329"}],"version-history":[{"count":1,"href":"https:\/\/deliverback.com\/de\/wp-json\/wp\/v2\/pages\/329\/revisions"}],"predecessor-version":[{"id":330,"href":"https:\/\/deliverback.com\/de\/wp-json\/wp\/v2\/pages\/329\/revisions\/330"}],"wp:attachment":[{"href":"https:\/\/deliverback.com\/de\/wp-json\/wp\/v2\/media?parent=329"}],"curies":[{"name":"wp","href":"https:\/\/api.w.org\/{rel}","templated":true}]}}