{"id":7091,"date":"2024-11-22T04:17:01","date_gmt":"2024-11-22T01:17:01","guid":{"rendered":"https:\/\/deliverback.com\/items\/passport\/"},"modified":"2024-11-22T04:17:01","modified_gmt":"2024-11-22T01:17:01","slug":"passport","status":"publish","type":"page","link":"https:\/\/deliverback.com\/es\/items\/passport\/","title":{"rendered":"Recupere su pasaporte perdido"},"content":{"rendered":"<p><meta name=\"description\" content=\"Recupere su pasaporte perdido m\u00e1s r\u00e1pido con Deliverback. Con seguridad, rapidez y al mejor precio\"><\/p>\n<style>\n    .fa-minus{\n        visibility: hidden !important;\n    }<\/p>\n<p>    #Header_wrapper{\n        visibility: none !important;\n    }<\/p>\n<p>    #Subheader{\n        visibility: hidden !important;\n    }\n<\/style>\n<div class=\"entry-content\" itemprop=\"mainContentOfPage\">\n<div class=\"mfn-builder-content mfn-default-tmpl-builder\">\n<section class=\"section mcb-section mfn-default-section mcb-section-925b8ab3e  hide-tablet hide-mobile default-width\" style=\"\">\n<div class=\"mcb-background-overlay\"><\/div>\n<div class=\"section_wrapper mfn-wrapper-for-wraps mcb-section-inner mcb-section-inner-925b8ab3e\">\n<div class=\"wrap mcb-wrap mcb-wrap-5lvns93op one-sixth tablet-one-sixth laptop-one-sixth mobile-one  hide-mobile clearfix\" data-desktop-col=\"one-sixth\" data-laptop-col=\"laptop-one-sixth\" data-tablet-col=\"tablet-one-sixth\" data-mobile-col=\"mobile-one\" style=\"\">\n<div class=\"mcb-wrap-inner mcb-wrap-inner-5lvns93op mfn-module-wrapper mfn-wrapper-for-wraps\">\n<div class=\"mcb-wrap-background-overlay\"><\/div>\n<div class=\"column mcb-column mcb-item-0ylh5pedk one laptop-one tablet-one mobile-one column_placeholder\" style=\"\">\n<div class=\"mcb-column-inner mfn-module-wrapper mcb-column-inner-0ylh5pedk mcb-item-placeholder-inner\">\n<div class=\"placeholder\">&nbsp;<\/div>\n<\/div>\n<\/div>\n<\/div>\n<\/div>\n<div class=\"wrap mcb-wrap mcb-wrap-21c6a1ec0 two-third tablet-two-third laptop-two-third mobile-one clearfix\" data-desktop-col=\"two-third\" data-laptop-col=\"laptop-two-third\" data-tablet-col=\"tablet-two-third\" data-mobile-col=\"mobile-one\" style=\"\">\n<div class=\"mcb-wrap-inner mcb-wrap-inner-21c6a1ec0 mfn-module-wrapper mfn-wrapper-for-wraps\">\n<div class=\"mcb-wrap-background-overlay\"><\/div>\n<div class=\"column mcb-column mcb-item-vehxa6ac one laptop-one tablet-one mobile-one column_image image_wrapper\" style=\"visibility: hidden    \"><\/p>\n<div class=\"mcb-column-inner mfn-module-wrapper mcb-column-inner-vehxa6ac mcb-item-image-inner\">\n<div class=\"image_frame image_item no_link scale-with-grid alignnone no_border\"><\/div>\n<\/p><\/div>\n<\/div>\n<div class=\"column mcb-column mcb-item-a297777d7 one laptop-one tablet-one mobile-one column_heading\" style=\"\">\n<div class=\"mcb-column-inner mfn-module-wrapper mcb-column-inner-a297777d7 mcb-item-heading-inner\">\n<h1 class=\"title\">\u00bfHa olvidado el pasaporte en un hotel?<\/h1>\n<\/div>\n<\/div>\n<div class=\"column mcb-column mcb-item-4301aaabc one laptop-one tablet-one mobile-one column_column\" style=\"\">\n<div class=\"mcb-column-inner mfn-module-wrapper mcb-column-inner-4301aaabc mcb-item-column-inner\">\n<div class=\"column_attr mfn-inline-editor clearfix\" style=\"\">\n<p style=\"text-align: center;\">Utilice Deliverback para recuperar r\u00e1pidamente su pasaporte perdido. Solo tiene que registrar su solicitud de objetos perdidos y nos pondremos en contacto con usted.<\/p>\n<\/div>\n<\/div>\n<\/div>\n<div class=\"column mcb-column mcb-item-uin7rinkr two-fifth laptop-one-second tablet-two-fifth mobile-one column_button mfn-item-inline\" style=\"\">\n<div class=\"mcb-column-inner mfn-module-wrapper mcb-column-inner-uin7rinkr mcb-item-button-inner\"><a class=\"button  button_theme button_size_2\" href=\"https:\/\/orders.deliverback.com\/?variant=hotel\" title=\"\"><span class=\"button_label\">Recupere su pasaporte<\/span><\/a>\n    <\/div>\n<\/div>\n<\/div>\n<\/div>\n<\/div>\n<\/section>\n<section class=\"section mcb-section mfn-default-section mcb-section-24eijsysn  hide-desktop hide-laptop default-width\" style=\"\">\n<div class=\"mcb-background-overlay\"><\/div>\n<div class=\"section_wrapper mfn-wrapper-for-wraps mcb-section-inner mcb-section-inner-24eijsysn\">\n<div class=\"wrap mcb-wrap mcb-wrap-096az6wo two-third tablet-one laptop-two-third mobile-one clearfix\" data-desktop-col=\"two-third\" data-laptop-col=\"laptop-two-third\" data-tablet-col=\"tablet-one\" data-mobile-col=\"mobile-one\" style=\"\">\n<div class=\"mcb-wrap-inner mcb-wrap-inner-096az6wo mfn-module-wrapper mfn-wrapper-for-wraps\">\n<div class=\"mcb-wrap-background-overlay\"><\/div>\n<div class=\"column mcb-column mcb-item-68jokorgp one laptop-one tablet-one mobile-one column_heading\" style=\"\">\n<div class=\"mcb-column-inner mfn-module-wrapper mcb-column-inner-68jokorgp mcb-item-heading-inner\">\n<h2 class=\"title\">Recupere su pasaporte perdido<\/h2>\n<\/div>\n<\/div>\n<div class=\"column mcb-column mcb-item-rmdi75k0k one laptop-one tablet-one mobile-one column_column\" style=\"\">\n<div class=\"mcb-column-inner mfn-module-wrapper mcb-column-inner-rmdi75k0k mcb-item-column-inner\">\n<div class=\"column_attr mfn-inline-editor clearfix\" style=\"\">\n<p style=\"text-align: center;\">Utilice Deliverback para recuperar r\u00e1pidamente su pasaporte perdido. Solo tiene que registrar su solicitud de objetos perdidos y nos pondremos en contacto con usted.<\/p>\n<\/div>\n<\/div>\n<\/div>\n<div class=\"column mcb-column mcb-item-55e5kmrmi two-fifth laptop-one-second tablet-two-fifth mobile-one column_button mfn-item-inline\" style=\"\">\n<div class=\"mcb-column-inner mfn-module-wrapper mcb-column-inner-55e5kmrmi mcb-item-button-inner\"><a class=\"button  button_theme button_size_2\" href=\"https:\/\/orders.deliverback.com\/?variant=hotel\" title=\"\"><span class=\"button_label\">Recupere su pasaporte<\/span><\/a>\n    <\/div>\n<\/div>\n<\/div>\n<\/div>\n<\/div>\n<\/section>\n<section class=\"section mcb-section mfn-default-section mcb-section-4cc3472ba Scroll  hide-tablet hide-mobile default-width\" style=\"\">\n<div class=\"mcb-background-overlay\"><\/div>\n<div class=\"section_wrapper mfn-wrapper-for-wraps mcb-section-inner mcb-section-inner-4cc3472ba\">\n<div class=\"wrap mcb-wrap mcb-wrap-wqp17w0sg one-fifth tablet-one-fifth laptop-one-fifth mobile-one  hide-mobile clearfix\" data-desktop-col=\"one-fifth\" data-laptop-col=\"laptop-one-fifth\" data-tablet-col=\"tablet-one-fifth\" data-mobile-col=\"mobile-one\" style=\"\">\n<div class=\"mcb-wrap-inner mcb-wrap-inner-wqp17w0sg mfn-module-wrapper mfn-wrapper-for-wraps\">\n<div class=\"mcb-wrap-background-overlay\"><\/div>\n<div class=\"column mcb-column mcb-item-tbgol7apl one laptop-one tablet-one mobile-one column_placeholder\" style=\"\">\n<div class=\"mcb-column-inner mfn-module-wrapper mcb-column-inner-tbgol7apl mcb-item-placeholder-inner\">\n<div class=\"placeholder\">&nbsp;<\/div>\n<\/div>\n<\/div>\n<\/div>\n<\/div>\n<div id=\"how-it-works\" class=\"wrap mcb-wrap mcb-wrap-4ba716288 three-fifth tablet-three-fifth laptop-three-fifth mobile-one clearfix\" data-desktop-col=\"three-fifth\" data-laptop-col=\"laptop-three-fifth\" data-tablet-col=\"tablet-three-fifth\" data-mobile-col=\"mobile-one\" style=\"\">\n<div class=\"mcb-wrap-inner mcb-wrap-inner-4ba716288 mfn-module-wrapper mfn-wrapper-for-wraps\">\n<div class=\"mcb-wrap-background-overlay\"><\/div>\n<div class=\"column mcb-column mcb-item-f74dbafe0 one laptop-one tablet-one mobile-one mfn-line-clamp column_heading\" style=\"\">\n<div class=\"mcb-column-inner mfn-module-wrapper mcb-column-inner-f74dbafe0 mcb-item-heading-inner\">\n<h2 class=\"title\">\u00bfHa perdido el pasaporte durante el viaje?<\/h2>\n<\/div>\n<\/div>\n<div class=\"column mcb-column mcb-item-0jg8u0d4d one laptop-one tablet-one mobile-one column_divider_2\" style=\"\">\n<div class=\"mcb-column-inner mfn-module-wrapper mcb-column-inner-0jg8u0d4d mcb-item-divider_2-inner\">\n<div class=\"mfn-divider mfn-divider-border mfn-divider-border-solid mfn-divider-start\">\n<div class=\"mfn-divider-inner\"><\/div>\n<\/div><\/div>\n<\/div>\n<div class=\"column mcb-column mcb-item-bcdc6e415 one laptop-one tablet-one mobile-one column_column\" style=\"\">\n<div class=\"mcb-column-inner mfn-module-wrapper mcb-column-inner-bcdc6e415 mcb-item-column-inner\">\n<div class=\"column_attr mfn-inline-editor clearfix\" style=\"\">\n<p>No est\u00e1 solo si ha perdido su pasaporte. Millones de viajeros pierden sus objetos personales cada a\u00f1o y buscan la forma de recuperarlos.<\/p>\n<p>\u00bfHa perdido su pasaporte? Presente hoy mismo una reclamaci\u00f3n a Deliverback y deje que nos encarguemos de devolv\u00e9rselo sano y salvo.<\/p>\n<p>Los pasaportes son documentos fundamentales, esenciales para la verificaci\u00f3n de la identidad y los viajes internacionales. A menudo se olvidan en las cajas fuertes de los hoteles, se dejan en los controles de los aeropuertos o se extrav\u00edan en el equipaje. La p\u00e9rdida de un pasaporte puede provocar importantes retrasos en los viajes, p\u00e9rdida de vuelos y otros inconvenientes, especialmente cuando se viaja al extranjero. El proceso de sustituci\u00f3n de un pasaporte perdido puede ser largo y estresante, y a menudo obliga a los viajeros a visitar embajadas o consulados en lugares desconocidos.<\/p>\n<p>Si pierde su pasaporte, act\u00fae de inmediato poni\u00e9ndose en contacto con el \u00faltimo lugar donde lo haya podido dejar, como un hotel, un aeropuerto o un proveedor de transporte. Adem\u00e1s, presente una reclamaci\u00f3n a Deliverback para garantizar una recuperaci\u00f3n m\u00e1s sencilla. Nuestro equipo se especializa en coordinar con hoteles, aerol\u00edneas y otras propiedades para localizar su pasaporte perdido, organizar su devoluci\u00f3n segura y minimizar la interrupci\u00f3n de sus planes de viaje.<\/p>\n<p>Con s\u00f3lo rellenar el breve formulario que aparece a continuaci\u00f3n, notificaremos a su Hotel o Aeropuerto la p\u00e9rdida de su valioso objeto. Tendr\u00e1 la opci\u00f3n de comparar varios m\u00e9todos de env\u00edo para ahorrar en costes o avisar a su hotel\/aeropuerto de cu\u00e1ndo volver\u00e1 para recoger sus pertenencias en persona. \u00a1Estamos aqu\u00ed para ayudarle a recuperar su Pasaporte!<\/p>\n<\/div>\n<\/div>\n<\/div>\n<div class=\"column mcb-column mcb-item-10lje2neg one laptop-one tablet-one mobile-one column_heading\" style=\"\">\n<div class=\"mcb-column-inner mfn-module-wrapper mcb-column-inner-10lje2neg mcb-item-heading-inner\">\n<h3 class=\"title\">Sencillo proceso Lost &amp; Found para recuperar su objeto olvidado.<\/h3>\n<\/div>\n<\/div>\n<div class=\"column mcb-column mcb-item-efnh3jiuc one laptop-one tablet-one mobile-one column_column\" style=\"\">\n<div class=\"mcb-column-inner mfn-module-wrapper mcb-column-inner-efnh3jiuc mcb-item-column-inner\">\n<div class=\"column_attr mfn-inline-editor clearfix\" style=\"\">\n<ul class=\"list-checked list-primary list-circle font-size-lg list-xl mt-3 leading-8\">\n<li><span style=\"color: #070808;\">Rellene el siguiente formulario declarando qu\u00e9 es exactamente lo que ha perdido y complete el pago de su pasaporte perdido<\/span><\/li>\n<li><span style=\"color: #070808;\">Deliverback se pone en contacto con su hotel\/aeropuerto para confirmar que se ha encontrado el pasaporte que usted especific\u00f3.&nbsp;<\/span><\/li>\n<li><span style=\"color: #070808;\">Si no se encuentra el pasaporte, Deliverback le reembolsar\u00e1 autom\u00e1ticamente el importe pagado.<\/span><\/li>\n<li><span style=\"color: #070808;\">Supongamos que el Pasaporte est\u00e1 en el hotel y se confirma que su Pasaporte est\u00e1 listo para ser enviado, recogeremos su Pasaporte en colaboraci\u00f3n con nuestras empresas de mensajer\u00eda<\/span><\/li>\n<li><span style=\"color: #070808;\">Le permitimos comparar m\u00faltiples empresas de transporte como FedEx, UPS, DHL y muchas m\u00e1s.<\/span><\/li>\n<li><span style=\"color: #070808;\">Una vez que el hotel\/aeropuerto confirme que el embalaje est\u00e1 listo y la etiqueta de env\u00edo impresa, Deliverback enviar\u00e1 a la empresa de transporte seleccionada para recogerlo en el hotel.<\/span><\/li>\n<li><span style=\"color: #070808;\">Recibir\u00e1 notificaciones por correo electr\u00f3nico sobre el estado de su pedido y d\u00f3nde se encuentra su pasaporte perdido.<\/span><\/li>\n<\/ul>\n<p style=\"color: #070808;\">Si tiene alguna pregunta sobre el proceso de objetos perdidos mencionado anteriormente, no dude en ponerse en contacto directamente con nuestro servicio de asistencia por correo electr\u00f3nico en support@deliverback.com.<\/p>\n<\/div>\n<\/div>\n<\/div>\n<div class=\"column mcb-column mcb-item-kt3m6rx4o two-fifth laptop-one-second tablet-two-fifth mobile-one column_button mfn-item-inline\" style=\"\">\n<div class=\"mcb-column-inner mfn-module-wrapper mcb-column-inner-kt3m6rx4o mcb-item-button-inner\"><a class=\"button  button_full_width button_theme button_size_2\" href=\"https:\/\/orders.deliverback.com\/?variant=hotel\" title=\"\"><span class=\"button_label\">Recupere su pasaporte<\/span><\/a>\n    <\/div>\n<\/div>\n<\/div>\n<\/div>\n<\/div>\n<\/section>\n<section class=\"section mcb-section mfn-default-section mcb-section-rm2vuojg5 Scroll  hide-desktop hide-laptop hide-laptop hide-laptop hide-laptop default-width\" style=\"\">\n<div class=\"mcb-background-overlay\"><\/div>\n<div class=\"section_wrapper mfn-wrapper-for-wraps mcb-section-inner mcb-section-inner-rm2vuojg5\">\n<div id=\"how-it-works\" class=\"wrap mcb-wrap mcb-wrap-zyz313fog three-fifth tablet-one laptop-three-fifth mobile-one clearfix\" data-desktop-col=\"three-fifth\" data-laptop-col=\"laptop-three-fifth\" data-tablet-col=\"tablet-one\" data-mobile-col=\"mobile-one\" style=\"\">\n<div class=\"mcb-wrap-inner mcb-wrap-inner-zyz313fog mfn-module-wrapper mfn-wrapper-for-wraps\">\n<div class=\"mcb-wrap-background-overlay\"><\/div>\n<div class=\"column mcb-column mcb-item-ob98rzkgu one laptop-one tablet-one mobile-one mfn-line-clamp column_heading\" style=\"\">\n<div class=\"mcb-column-inner mfn-module-wrapper mcb-column-inner-ob98rzkgu mcb-item-heading-inner\">\n<h2 class=\"title\">\u00bfHa perdido el pasaporte durante el viaje?<\/h2>\n<\/div>\n<\/div>\n<div class=\"column mcb-column mcb-item-0bz0nqtx one laptop-one tablet-one mobile-one column_divider_2\" style=\"\">\n<div class=\"mcb-column-inner mfn-module-wrapper mcb-column-inner-0bz0nqtx mcb-item-divider_2-inner\">\n<div class=\"mfn-divider mfn-divider-border mfn-divider-border-solid mfn-divider-start\">\n<div class=\"mfn-divider-inner\"><\/div>\n<\/div><\/div>\n<\/div>\n<div class=\"column mcb-column mcb-item-llkrj9udl one laptop-one tablet-one mobile-one column_column\" style=\"\">\n<div class=\"mcb-column-inner mfn-module-wrapper mcb-column-inner-llkrj9udl mcb-item-column-inner\">\n<div class=\"column_attr mfn-inline-editor clearfix\" style=\"\">\n<p style=\"text-align: left;\"><span style=\"letter-spacing: 0px;\">Cada a\u00f1o se pierden m\u00e1s de 1.000 millones de objetos, as\u00ed que no est\u00e1 solo. Lamentamos que hayas extraviado tu pasaporte en el hotel, pero por suerte Deliverback est\u00e1 aqu\u00ed para ayudarte a encontrarlo y devolv\u00e9rtelo R\u00c1PIDAMENTE.&nbsp;<\/span><\/p>\n<p style=\"text-align: left;\"><span style=\"letter-spacing: 0px;\">S\u00f3lo tiene que rellenar el breve formulario que aparece a continuaci\u00f3n para informar a este establecimiento de que ha dejado su valioso documento. Compare varias opciones de env\u00edo para ahorrarse algo de dinero o notifique al hotel cu\u00e1ndo volver\u00e1 para recoger su pasaporte.<\/span><\/p>\n<\/div>\n<\/div>\n<\/div>\n<div class=\"column mcb-column mcb-item-8w1qtqvk9 one laptop-one tablet-one mobile-one column_heading\" style=\"\">\n<div class=\"mcb-column-inner mfn-module-wrapper mcb-column-inner-8w1qtqvk9 mcb-item-heading-inner\">\n<h3 class=\"title\">Sencillo proceso Lost &amp; Found para recuperar su objeto olvidado.<\/h3>\n<\/div>\n<\/div>\n<div class=\"column mcb-column mcb-item-ki51cxmnb one laptop-one tablet-one mobile-one column_column\" style=\"\">\n<div class=\"mcb-column-inner mfn-module-wrapper mcb-column-inner-ki51cxmnb mcb-item-column-inner\">\n<div class=\"column_attr mfn-inline-editor clearfix\" style=\"\">\n<ul class=\"list-checked list-primary list-circle font-size-lg list-xl mt-3 leading-8\">\n<li><span style=\"color: #283b4e;\">Rellene el siguiente formulario declarando qu\u00e9 ha perdido exactamente.<\/span><\/li>\n<li><span style=\"color: #283b4e;\">Deliverback se pone en contacto con el hotel\/aeropuerto para confirmar que se ha encontrado el pasaporte que usted especific\u00f3.<\/span><\/li>\n<li><span style=\"color: #283b4e;\">Despu\u00e9s de confirmar que su pasaporte est\u00e1 listo para ser enviado, le enviamos un correo electr\u00f3nico para crear y pagar una etiqueta de env\u00edo. Le permitimos comparar m\u00faltiples compa\u00f1\u00edas de env\u00edo como FedEx, UPS, USPS, Canada Post, DHL y muchas m\u00e1s.<\/span><\/li>\n<li><span style=\"color: #283b4e;\">Una vez confirmado el pago, Deliverback env\u00eda a la empresa de transportes al lugar para que recoja tu Pasaporte y te lo entregue.<\/span><\/li>\n<\/ul>\n<h4>Este es el caso de un cliente que perdi\u00f3 su pasaporte<\/h4>\n<p>Mar\u00eda, una viajera internacional, deja accidentalmente su pasaporte en la caja fuerte de un hotel mientras se apresura a coger un vuelo temprano. Al llegar al aeropuerto, descubri\u00f3 su error y entr\u00f3 en p\u00e1nico. Se puso en contacto con Deliverback y present\u00f3 una reclamaci\u00f3n. Nuestro equipo se puso r\u00e1pidamente en contacto con el hotel, confirm\u00f3 la ubicaci\u00f3n del pasaporte y organiz\u00f3 su env\u00edo seguro al siguiente destino de Mar\u00eda, permiti\u00e9ndole continuar su viaje sin m\u00e1s estr\u00e9s ni retrasos.<\/p>\n<h4>\u00bfTiene m\u00e1s preguntas?<\/h4>\n<p>Si tiene alguna pregunta sobre el proceso de objetos perdidos mencionado anteriormente, no dude en ponerse en contacto directamente con nuestro servicio de asistencia por correo electr\u00f3nico en support@deliverback.com.<\/p>\n<\/div>\n<\/div>\n<\/div>\n<div class=\"column mcb-column mcb-item-m18wim0l two-fifth laptop-one-second tablet-two-fifth mobile-one column_button mfn-item-inline\" style=\"\">\n<div class=\"mcb-column-inner mfn-module-wrapper mcb-column-inner-m18wim0l mcb-item-button-inner\"><a class=\"button  button_full_width button_theme button_size_2\" href=\"https:\/\/orders.deliverback.com\/?variant=hotel\" title=\"\"><span class=\"button_label\">Recupere su pasaporte<\/span><\/a>\n    <\/div>\n<\/div>\n<\/div>\n<\/div>\n<\/div>\n<\/section>\n<section class=\"section mcb-section mfn-default-section mcb-section-ywwwuzl2 default-width\" style=\"\">\n<div class=\"mcb-background-overlay\"><\/div>\n<div class=\"section_wrapper mfn-wrapper-for-wraps mcb-section-inner mcb-section-inner-ywwwuzl2\">\n<div class=\"wrap mcb-wrap mcb-wrap-nfol0hyw one-fifth tablet-one-fifth laptop-one-fifth mobile-one  hide-tablet hide-mobile clearfix\" data-desktop-col=\"one-fifth\" data-laptop-col=\"laptop-one-fifth\" data-tablet-col=\"tablet-one-fifth\" data-mobile-col=\"mobile-one\" style=\"\">\n<div class=\"mcb-wrap-inner mcb-wrap-inner-nfol0hyw mfn-module-wrapper mfn-wrapper-for-wraps\">\n<div class=\"mcb-wrap-background-overlay\"><\/div>\n<div class=\"column mcb-column mcb-item-lm0crbhl one laptop-one tablet-one mobile-one column_placeholder\" style=\"\">\n<div class=\"mcb-column-inner mfn-module-wrapper mcb-column-inner-lm0crbhl mcb-item-placeholder-inner\">\n<div class=\"placeholder\">&nbsp;<\/div>\n<\/div>\n<\/div>\n<\/div>\n<\/div>\n<div class=\"wrap mcb-wrap mcb-wrap-o2toy2uks three-fifth tablet-one laptop-three-fifth mobile-one clearfix\" data-desktop-col=\"three-fifth\" data-laptop-col=\"laptop-three-fifth\" data-tablet-col=\"tablet-one\" data-mobile-col=\"mobile-one\" style=\"\">\n<div class=\"mcb-wrap-inner mcb-wrap-inner-o2toy2uks mfn-module-wrapper mfn-wrapper-for-wraps\">\n<div class=\"mcb-wrap-background-overlay\"><\/div>\n<div class=\"column mcb-column mcb-item-22d7ttpt one laptop-one tablet-one mobile-one column_heading\" style=\"\">\n<div class=\"mcb-column-inner mfn-module-wrapper mcb-column-inner-22d7ttpt mcb-item-heading-inner\">\n<h3 class=\"title\">Preguntas frecuentes sobre la p\u00e9rdida de su pasaporte en hoteles o aeropuertos<\/h3>\n<\/div>\n<\/div>\n<div class=\"column mcb-column mcb-item-1idag1kn one laptop-one tablet-one mobile-one column_toggle\" style=\"\">\n<div class=\"mcb-column-inner mfn-module-wrapper mcb-column-inner-1idag1kn mcb-item-toggle-inner\">\n<div class=\"mfn-toggle mfn-toggle-ordered mfn-toggle-divider mfn-toggle-icon-disable\">\n<div class=\"mfn-toggle-item\" style=\"counter-set:my-sec-counter 0\">\n<div class=\"toggle-bar\"><span class=\"toggle-bar-icon\"><\/span><\/p>\n<h4 class=\"toggle-heading\">\u00bfC\u00f3mo puedo recuperar mi pasaporte perdido en un hotel?<\/h4>\n<p><a class=\"toggle-icon\" tabindex=\"0\"><i aria-hidden=\"true\" class=\"fas fa-plus plus\"><\/i><i aria-hidden=\"true\" class=\"fas fa-minus minus\"><\/i><\/a><\/div>\n<div class=\"toggle-content\" aria-expanded=\"false\" style=\"display:none\">Para recuperar su pasaporte perdido en un hotel puede utilizar Deliverback. Simplemente haga clic en el bot\u00f3n de arriba y comience el proceso de recuperaci\u00f3n del Pasaporte perdido. Una vez que haya rellenado sus datos y completado el pago, Deliverback coordinar\u00e1 la recogida con su hotel y le enviar\u00e1 el pasaporte de vuelta.<\/div>\n<\/div>\n<hr class=\"toggle-divider\">\n<div class=\"mfn-toggle-item\">\n<div class=\"toggle-bar\"><span class=\"toggle-bar-icon\"><\/span><\/p>\n<h4 class=\"toggle-heading\">\u00bfCu\u00e1l es el coste de recuperar mi pasaporte perdido en un hotel?<\/h4>\n<p><a class=\"toggle-icon\" tabindex=\"0\"><i aria-hidden=\"true\" class=\"fas fa-plus plus\"><\/i><i aria-hidden=\"true\" class=\"fas fa-minus minus\"><\/i><\/a><\/div>\n<div class=\"toggle-content\" aria-expanded=\"false\" style=\"display:none\">El coste de recuperar su pasaporte perdido en un hotel depende de muchos factores, como la direcci\u00f3n de entrega y el tama\u00f1o del paquete que se utilizar\u00e1 para embalar su pasaporte. Al rellenar nuestro formulario, calcularemos autom\u00e1ticamente el coste y le ofreceremos varias opciones<\/div>\n<\/div>\n<hr class=\"toggle-divider\">\n<div class=\"mfn-toggle-item\">\n<div class=\"toggle-bar\"><span class=\"toggle-bar-icon\"><\/span><\/p>\n<h4 class=\"toggle-heading\">\u00bfCu\u00e1l es el plazo estimado de entrega de un pasaporte desde un hotel?<\/h4>\n<p><a class=\"toggle-icon\" tabindex=\"0\"><i aria-hidden=\"true\" class=\"fas fa-plus plus\"><\/i><i aria-hidden=\"true\" class=\"fas fa-minus minus\"><\/i><\/a><\/div>\n<div class=\"toggle-content\" aria-expanded=\"false\" style=\"display:none\">El plazo de entrega estimado depende de su hotel y de la empresa de transporte que elija para recoger su pasaporte perdido y entregarlo en su domicilio. La duraci\u00f3n t\u00edpica es de 2 a 5 d\u00edas, pero encontrar\u00e1 m\u00e1s detalles en nuestro formulario de pedido (haga clic en el bot\u00f3n de arriba).<\/div>\n<\/div>\n<hr class=\"toggle-divider\">\n<div class=\"mfn-toggle-item\">\n<div class=\"toggle-bar\"><span class=\"toggle-bar-icon\"><\/span><\/p>\n<h4 class=\"toggle-heading\">\u00bfSe encargar\u00e1 el hotel de empaquetar mi pasaporte?<\/h4>\n<p><a class=\"toggle-icon\" tabindex=\"0\"><i aria-hidden=\"true\" class=\"fas fa-plus plus\"><\/i><i aria-hidden=\"true\" class=\"fas fa-minus minus\"><\/i><\/a><\/div>\n<div class=\"toggle-content\" aria-expanded=\"false\" style=\"display:none\">La respuesta es s\u00ed. Deliverback coordinar\u00e1 el proceso de empaquetado con su hotel y, una vez verificado que se ha encontrado su pasaporte perdido, le proporcionar\u00e1 instrucciones sobre c\u00f3mo empaquetar el pasaporte, imprimir la etiqueta de env\u00edo y enviarlo a la direcci\u00f3n que desee.<\/div>\n<\/div>\n<\/div><\/div>\n<\/div>\n<\/div>\n<\/div>\n<\/div>\n<\/section>\n<section class=\"section mcb-section mfn-default-section mcb-section-oqvj1m7be default-width\" style=\"\">\n<div class=\"mcb-background-overlay\"><\/div>\n<div class=\"section_wrapper mfn-wrapper-for-wraps mcb-section-inner mcb-section-inner-oqvj1m7be\">\n<div class=\"wrap mcb-wrap mcb-wrap-q3phb8yx8n one tablet-one laptop-one mobile-one clearfix\" data-desktop-col=\"one\" data-laptop-col=\"laptop-one\" data-tablet-col=\"tablet-one\" data-mobile-col=\"mobile-one\" style=\"\">\n<div class=\"mcb-wrap-inner mcb-wrap-inner-q3phb8yx8n mfn-module-wrapper mfn-wrapper-for-wraps\">\n<div class=\"mcb-wrap-background-overlay\"><\/div>\n<\/div>\n<\/div>\n<\/div>\n<\/section>\n<\/div><\/div>\n<p><meta property=\"og:title\" content=\"Recupere su pasaporte perdido\"\/><br \/>\n      <meta property=\"og:description\" content=\"Recupere su pasaporte perdido m\u00e1s r\u00e1pido con Deliverback. Con seguridad, rapidez y al mejor precio\"\/><br \/>\n      <meta property=\"og:type\" content=\"article\"\/><br \/>\n      <meta property=\"og:url\" content=\"https:\/\/deliverback.com\/items\/passport\"\/><br \/>\n      <meta property=\"og:image\" content=\"https:\/\/deliverback.com\/wp-content\/uploads\/2024\/10\/Deliverback-hero-image.png\"\/><\/p>","protected":false},"excerpt":{"rendered":"<p>&nbsp; Forget your Passport at a hotel? Use Deliverback to get your lost Passport back fast! Just register your lost property request and we&#8217;ll get back<span class=\"excerpt-hellip\"> [\u2026]<\/span><\/p>\n","protected":false},"author":3,"featured_media":0,"parent":7059,"menu_order":0,"comment_status":"closed","ping_status":"closed","template":"template-portfolio.php","meta":{"footnotes":""},"class_list":["post-7091","page","type-page","status-publish","hentry"],"_links":{"self":[{"href":"https:\/\/deliverback.com\/es\/wp-json\/wp\/v2\/pages\/7091","targetHints":{"allow":["GET"]}}],"collection":[{"href":"https:\/\/deliverback.com\/es\/wp-json\/wp\/v2\/pages"}],"about":[{"href":"https:\/\/deliverback.com\/es\/wp-json\/wp\/v2\/types\/page"}],"author":[{"embeddable":true,"href":"https:\/\/deliverback.com\/es\/wp-json\/wp\/v2\/users\/3"}],"replies":[{"embeddable":true,"href":"https:\/\/deliverback.com\/es\/wp-json\/wp\/v2\/comments?post=7091"}],"version-history":[{"count":0,"href":"https:\/\/deliverback.com\/es\/wp-json\/wp\/v2\/pages\/7091\/revisions"}],"up":[{"embeddable":true,"href":"https:\/\/deliverback.com\/es\/wp-json\/wp\/v2\/pages\/7059"}],"wp:attachment":[{"href":"https:\/\/deliverback.com\/es\/wp-json\/wp\/v2\/media?parent=7091"}],"curies":[{"name":"wp","href":"https:\/\/api.w.org\/{rel}","templated":true}]}}