{"id":359,"date":"2022-10-17T00:36:56","date_gmt":"2022-10-16T21:36:56","guid":{"rendered":"https:\/\/deliverback.com\/?page_id=359"},"modified":"2023-06-30T13:26:51","modified_gmt":"2023-06-30T13:26:51","slug":"rhodes-airport","status":"publish","type":"page","link":"https:\/\/deliverback.com\/fr\/rhodes-airport\/","title":{"rendered":"A\u00e9roport de Rhodes Diagoras"},"content":{"rendered":"","protected":false},"excerpt":{"rendered":"<p>Objets trouv\u00e9s A\u00e9roport d'H\u00e9raklion Nikos Kazantzakis Cr\u00e8te<\/p>","protected":false},"author":3,"featured_media":0,"parent":0,"menu_order":0,"comment_status":"closed","ping_status":"closed","template":"","meta":{"footnotes":""},"class_list":["post-359","page","type-page","status-publish","hentry"],"_links":{"self":[{"href":"https:\/\/deliverback.com\/fr\/wp-json\/wp\/v2\/pages\/359","targetHints":{"allow":["GET"]}}],"collection":[{"href":"https:\/\/deliverback.com\/fr\/wp-json\/wp\/v2\/pages"}],"about":[{"href":"https:\/\/deliverback.com\/fr\/wp-json\/wp\/v2\/types\/page"}],"author":[{"embeddable":true,"href":"https:\/\/deliverback.com\/fr\/wp-json\/wp\/v2\/users\/3"}],"replies":[{"embeddable":true,"href":"https:\/\/deliverback.com\/fr\/wp-json\/wp\/v2\/comments?post=359"}],"version-history":[{"count":1,"href":"https:\/\/deliverback.com\/fr\/wp-json\/wp\/v2\/pages\/359\/revisions"}],"predecessor-version":[{"id":360,"href":"https:\/\/deliverback.com\/fr\/wp-json\/wp\/v2\/pages\/359\/revisions\/360"}],"wp:attachment":[{"href":"https:\/\/deliverback.com\/fr\/wp-json\/wp\/v2\/media?parent=359"}],"curies":[{"name":"wp","href":"https:\/\/api.w.org\/{rel}","templated":true}]}}