{"id":7108,"date":"2024-11-22T04:19:51","date_gmt":"2024-11-22T01:19:51","guid":{"rendered":"https:\/\/deliverback.com\/items\/suitcase\/"},"modified":"2024-11-22T04:19:51","modified_gmt":"2024-11-22T01:19:51","slug":"suitcase","status":"publish","type":"page","link":"https:\/\/deliverback.com\/fr\/items\/suitcase\/","title":{"rendered":"R\u00e9cup\u00e9rez votre valise perdue"},"content":{"rendered":"<p><meta name=\"description\" content=\"Retrouvez votre valise perdue plus rapidement gr\u00e2ce \u00e0 Deliverback. En toute s\u00e9curit\u00e9, rapidement et au meilleur prix\"><\/p>\n<style>\n    .fa-minus{\n        visibility: hidden !important;\n    }<\/p>\n<p>    #Header_wrapper{\n        visibility: none !important;\n    }<\/p>\n<p>    #Subheader{\n        visibility: hidden !important;\n    }\n<\/style>\n<div class=\"entry-content\" itemprop=\"mainContentOfPage\">\n<div class=\"mfn-builder-content mfn-default-tmpl-builder\">\n<section class=\"section mcb-section mfn-default-section mcb-section-925b8ab3e  hide-tablet hide-mobile default-width\" style=\"\">\n<div class=\"mcb-background-overlay\"><\/div>\n<div class=\"section_wrapper mfn-wrapper-for-wraps mcb-section-inner mcb-section-inner-925b8ab3e\">\n<div class=\"wrap mcb-wrap mcb-wrap-5lvns93op one-sixth tablet-one-sixth laptop-one-sixth mobile-one  hide-mobile clearfix\" data-desktop-col=\"one-sixth\" data-laptop-col=\"laptop-one-sixth\" data-tablet-col=\"tablet-one-sixth\" data-mobile-col=\"mobile-one\" style=\"\">\n<div class=\"mcb-wrap-inner mcb-wrap-inner-5lvns93op mfn-module-wrapper mfn-wrapper-for-wraps\">\n<div class=\"mcb-wrap-background-overlay\"><\/div>\n<div class=\"column mcb-column mcb-item-0ylh5pedk one laptop-one tablet-one mobile-one column_placeholder\" style=\"\">\n<div class=\"mcb-column-inner mfn-module-wrapper mcb-column-inner-0ylh5pedk mcb-item-placeholder-inner\">\n<div class=\"placeholder\">&nbsp;<\/div>\n<\/div>\n<\/div>\n<\/div>\n<\/div>\n<div class=\"wrap mcb-wrap mcb-wrap-21c6a1ec0 two-third tablet-two-third laptop-two-third mobile-one clearfix\" data-desktop-col=\"two-third\" data-laptop-col=\"laptop-two-third\" data-tablet-col=\"tablet-two-third\" data-mobile-col=\"mobile-one\" style=\"\">\n<div class=\"mcb-wrap-inner mcb-wrap-inner-21c6a1ec0 mfn-module-wrapper mfn-wrapper-for-wraps\">\n<div class=\"mcb-wrap-background-overlay\"><\/div>\n<div class=\"column mcb-column mcb-item-vehxa6ac one laptop-one tablet-one mobile-one column_image image_wrapper\" style=\"visibility: hidden    \"><\/p>\n<div class=\"mcb-column-inner mfn-module-wrapper mcb-column-inner-vehxa6ac mcb-item-image-inner\">\n<div class=\"image_frame image_item no_link scale-with-grid alignnone no_border\"><\/div>\n<\/p><\/div>\n<\/div>\n<div class=\"column mcb-column mcb-item-a297777d7 one laptop-one tablet-one mobile-one column_heading\" style=\"\">\n<div class=\"mcb-column-inner mfn-module-wrapper mcb-column-inner-a297777d7 mcb-item-heading-inner\">\n<h1 class=\"title\">Vous avez oubli\u00e9 votre valise \u00e0 l'h\u00f4tel ?<\/h1>\n<\/div>\n<\/div>\n<div class=\"column mcb-column mcb-item-4301aaabc one laptop-one tablet-one mobile-one column_column\" style=\"\">\n<div class=\"mcb-column-inner mfn-module-wrapper mcb-column-inner-4301aaabc mcb-item-column-inner\">\n<div class=\"column_attr mfn-inline-editor clearfix\" style=\"\">\n<p style=\"text-align: center;\">Utilisez Deliverback pour r\u00e9cup\u00e9rer rapidement votre valise perdue ! Il vous suffit d'enregistrer votre demande d'objet perdu et nous vous contacterons.<\/p>\n<\/div>\n<\/div>\n<\/div>\n<div class=\"column mcb-column mcb-item-uin7rinkr two-fifth laptop-one-second tablet-two-fifth mobile-one column_button mfn-item-inline\" style=\"\">\n<div class=\"mcb-column-inner mfn-module-wrapper mcb-column-inner-uin7rinkr mcb-item-button-inner\"><a class=\"button  button_theme button_size_2\" href=\"https:\/\/orders.deliverback.com\/?variant=hotel\" title=\"\"><span class=\"button_label\">R\u00e9cup\u00e9rer sa valise<\/span><\/a>\n    <\/div>\n<\/div>\n<\/div>\n<\/div>\n<\/div>\n<\/section>\n<section class=\"section mcb-section mfn-default-section mcb-section-24eijsysn  hide-desktop hide-laptop default-width\" style=\"\">\n<div class=\"mcb-background-overlay\"><\/div>\n<div class=\"section_wrapper mfn-wrapper-for-wraps mcb-section-inner mcb-section-inner-24eijsysn\">\n<div class=\"wrap mcb-wrap mcb-wrap-096az6wo two-third tablet-one laptop-two-third mobile-one clearfix\" data-desktop-col=\"two-third\" data-laptop-col=\"laptop-two-third\" data-tablet-col=\"tablet-one\" data-mobile-col=\"mobile-one\" style=\"\">\n<div class=\"mcb-wrap-inner mcb-wrap-inner-096az6wo mfn-module-wrapper mfn-wrapper-for-wraps\">\n<div class=\"mcb-wrap-background-overlay\"><\/div>\n<div class=\"column mcb-column mcb-item-68jokorgp one laptop-one tablet-one mobile-one column_heading\" style=\"\">\n<div class=\"mcb-column-inner mfn-module-wrapper mcb-column-inner-68jokorgp mcb-item-heading-inner\">\n<h2 class=\"title\">R\u00e9cup\u00e9rez votre valise perdue<\/h2>\n<\/div>\n<\/div>\n<div class=\"column mcb-column mcb-item-rmdi75k0k one laptop-one tablet-one mobile-one column_column\" style=\"\">\n<div class=\"mcb-column-inner mfn-module-wrapper mcb-column-inner-rmdi75k0k mcb-item-column-inner\">\n<div class=\"column_attr mfn-inline-editor clearfix\" style=\"\">\n<p style=\"text-align: center;\">Utilisez Deliverback pour r\u00e9cup\u00e9rer rapidement votre valise perdue ! Il vous suffit d'enregistrer votre demande d'objet perdu et nous vous contacterons.<\/p>\n<\/div>\n<\/div>\n<\/div>\n<div class=\"column mcb-column mcb-item-55e5kmrmi two-fifth laptop-one-second tablet-two-fifth mobile-one column_button mfn-item-inline\" style=\"\">\n<div class=\"mcb-column-inner mfn-module-wrapper mcb-column-inner-55e5kmrmi mcb-item-button-inner\"><a class=\"button  button_theme button_size_2\" href=\"https:\/\/orders.deliverback.com\/?variant=hotel\" title=\"\"><span class=\"button_label\">R\u00e9cup\u00e9rer sa valise<\/span><\/a>\n    <\/div>\n<\/div>\n<\/div>\n<\/div>\n<\/div>\n<\/section>\n<section class=\"section mcb-section mfn-default-section mcb-section-4cc3472ba Scroll  hide-tablet hide-mobile default-width\" style=\"\">\n<div class=\"mcb-background-overlay\"><\/div>\n<div class=\"section_wrapper mfn-wrapper-for-wraps mcb-section-inner mcb-section-inner-4cc3472ba\">\n<div class=\"wrap mcb-wrap mcb-wrap-wqp17w0sg one-fifth tablet-one-fifth laptop-one-fifth mobile-one  hide-mobile clearfix\" data-desktop-col=\"one-fifth\" data-laptop-col=\"laptop-one-fifth\" data-tablet-col=\"tablet-one-fifth\" data-mobile-col=\"mobile-one\" style=\"\">\n<div class=\"mcb-wrap-inner mcb-wrap-inner-wqp17w0sg mfn-module-wrapper mfn-wrapper-for-wraps\">\n<div class=\"mcb-wrap-background-overlay\"><\/div>\n<div class=\"column mcb-column mcb-item-tbgol7apl one laptop-one tablet-one mobile-one column_placeholder\" style=\"\">\n<div class=\"mcb-column-inner mfn-module-wrapper mcb-column-inner-tbgol7apl mcb-item-placeholder-inner\">\n<div class=\"placeholder\">&nbsp;<\/div>\n<\/div>\n<\/div>\n<\/div>\n<\/div>\n<div id=\"how-it-works\" class=\"wrap mcb-wrap mcb-wrap-4ba716288 three-fifth tablet-three-fifth laptop-three-fifth mobile-one clearfix\" data-desktop-col=\"three-fifth\" data-laptop-col=\"laptop-three-fifth\" data-tablet-col=\"tablet-three-fifth\" data-mobile-col=\"mobile-one\" style=\"\">\n<div class=\"mcb-wrap-inner mcb-wrap-inner-4ba716288 mfn-module-wrapper mfn-wrapper-for-wraps\">\n<div class=\"mcb-wrap-background-overlay\"><\/div>\n<div class=\"column mcb-column mcb-item-f74dbafe0 one laptop-one tablet-one mobile-one mfn-line-clamp column_heading\" style=\"\">\n<div class=\"mcb-column-inner mfn-module-wrapper mcb-column-inner-f74dbafe0 mcb-item-heading-inner\">\n<h2 class=\"title\">Vous avez perdu votre valise lors de votre voyage ?<\/h2>\n<\/div>\n<\/div>\n<div class=\"column mcb-column mcb-item-0jg8u0d4d one laptop-one tablet-one mobile-one column_divider_2\" style=\"\">\n<div class=\"mcb-column-inner mfn-module-wrapper mcb-column-inner-0jg8u0d4d mcb-item-divider_2-inner\">\n<div class=\"mfn-divider mfn-divider-border mfn-divider-border-solid mfn-divider-start\">\n<div class=\"mfn-divider-inner\"><\/div>\n<\/div><\/div>\n<\/div>\n<div class=\"column mcb-column mcb-item-bcdc6e415 one laptop-one tablet-one mobile-one column_column\" style=\"\">\n<div class=\"mcb-column-inner mfn-module-wrapper mcb-column-inner-bcdc6e415 mcb-item-column-inner\">\n<div class=\"column_attr mfn-inline-editor clearfix\" style=\"\">\n<p>Vous n'\u00eates pas seul si vous avez perdu votre valise. Des millions de voyageurs perdent leurs effets personnels chaque ann\u00e9e et cherchent \u00e0 les r\u00e9cup\u00e9rer !<\/p>\n<p>Vous avez oubli\u00e9 votre valise ? Utilisez Deliverback pour la r\u00e9cup\u00e9rer rapidement et en toute s\u00e9curit\u00e9.<\/p>\n<p>Les valises sont souvent oubli\u00e9es dans les chambres d'h\u00f4tel ou sur d'autres lieux de voyage. Ces objets ont souvent une valeur ou une utilit\u00e9 importante, ce qui rend leur perte frustrante. Les h\u00f4tels signalent fr\u00e9quemment que les valises sont l'un des objets les plus fr\u00e9quemment laiss\u00e9s par les clients, qu'elles soient rang\u00e9es dans les tiroirs ou oubli\u00e9es sur les comptoirs.<\/p>\n<p>Si vous vous rendez compte que vous avez perdu votre valise, contactez l'h\u00f4tel ou le lieu de s\u00e9jour d\u00e8s que possible. Vous pouvez \u00e9galement d\u00e9poser une r\u00e9clamation aupr\u00e8s de Deliverback pour une r\u00e9cup\u00e9ration en douceur et sans stress. Nous nous coordonnons avec l'\u00e9tablissement pour localiser et restituer votre valise en toute s\u00e9curit\u00e9, minimisant ainsi les tracas et le temps n\u00e9cessaire.<\/p>\n<p>Il vous suffit de remplir le formulaire ci-dessous pour que nous informions votre h\u00f4tel ou votre a\u00e9roport de la disparition de votre bien de valeur. Vous aurez la possibilit\u00e9 de comparer plusieurs m\u00e9thodes d'exp\u00e9dition afin d'\u00e9conomiser sur les co\u00fbts ou d'informer votre h\u00f4tel\/a\u00e9roport de la date \u00e0 laquelle vous reviendrez chercher votre bien en personne. Nous sommes l\u00e0 pour vous aider \u00e0 r\u00e9cup\u00e9rer votre valise !<\/p>\n<\/div>\n<\/div>\n<\/div>\n<div class=\"column mcb-column mcb-item-10lje2neg one laptop-one tablet-one mobile-one column_heading\" style=\"\">\n<div class=\"mcb-column-inner mfn-module-wrapper mcb-column-inner-10lje2neg mcb-item-heading-inner\">\n<h3 class=\"title\">Une proc\u00e9dure simple pour retrouver un objet oubli\u00e9 !<\/h3>\n<\/div>\n<\/div>\n<div class=\"column mcb-column mcb-item-efnh3jiuc one laptop-one tablet-one mobile-one column_column\" style=\"\">\n<div class=\"mcb-column-inner mfn-module-wrapper mcb-column-inner-efnh3jiuc mcb-item-column-inner\">\n<div class=\"column_attr mfn-inline-editor clearfix\" style=\"\">\n<ul class=\"list-checked list-primary list-circle font-size-lg list-xl mt-3 leading-8\">\n<li><span style=\"color: #070808;\">Remplissez le formulaire ci-dessous en d\u00e9clarant exactement ce que vous avez perdu et compl\u00e9tez le paiement pour votre valise perdue.<\/span><\/li>\n<li><span style=\"color: #070808;\">Deliverback contacte votre h\u00f4tel\/a\u00e9roport pour confirmer que la valise que vous avez sp\u00e9cifi\u00e9e a \u00e9t\u00e9 trouv\u00e9e.&nbsp;<\/span><\/li>\n<li><span style=\"color: #070808;\">Si la valise n'a pas \u00e9t\u00e9 trouv\u00e9e, Deliverback vous remboursera automatiquement le montant pay\u00e9.<\/span><\/li>\n<li><span style=\"color: #070808;\">Supposons que la valise soit \u00e0 l'h\u00f4tel et qu'il soit confirm\u00e9 que votre valise est pr\u00eate \u00e0 \u00eatre exp\u00e9di\u00e9e, nous irons chercher votre valise en collaboration avec nos soci\u00e9t\u00e9s de courrier.<\/span><\/li>\n<li><span style=\"color: #070808;\">Nous vous permettons de comparer plusieurs soci\u00e9t\u00e9s d'exp\u00e9dition telles que FedEx, UPS, DHL et bien d'autres.<\/span><\/li>\n<li><span style=\"color: #070808;\">Une fois que l'h\u00f4tel ou l'a\u00e9roport a confirm\u00e9 que l'emballage est pr\u00eat et que l'\u00e9tiquette d'exp\u00e9dition a \u00e9t\u00e9 imprim\u00e9e, Deliverback enverra la soci\u00e9t\u00e9 de transport que vous avez choisie pour aller chercher le colis \u00e0 l'h\u00f4tel.<\/span><\/li>\n<li><span style=\"color: #070808;\">Vous recevrez des notifications par courrier \u00e9lectronique concernant l'\u00e9tat de votre commande et l'endroit o\u00f9 se trouve votre valise perdue.<\/span><\/li>\n<\/ul>\n<p style=\"color: #070808;\">Si vous avez des questions concernant la proc\u00e9dure des objets trouv\u00e9s mentionn\u00e9e ci-dessus, n'h\u00e9sitez pas \u00e0 contacter notre service d'assistance directement par courrier \u00e9lectronique \u00e0 l'adresse support@deliverback.com.<\/p>\n<\/div>\n<\/div>\n<\/div>\n<div class=\"column mcb-column mcb-item-kt3m6rx4o two-fifth laptop-one-second tablet-two-fifth mobile-one column_button mfn-item-inline\" style=\"\">\n<div class=\"mcb-column-inner mfn-module-wrapper mcb-column-inner-kt3m6rx4o mcb-item-button-inner\"><a class=\"button  button_full_width button_theme button_size_2\" href=\"https:\/\/orders.deliverback.com\/?variant=hotel\" title=\"\"><span class=\"button_label\">R\u00e9cup\u00e9rer sa valise<\/span><\/a>\n    <\/div>\n<\/div>\n<\/div>\n<\/div>\n<\/div>\n<\/section>\n<section class=\"section mcb-section mfn-default-section mcb-section-rm2vuojg5 Scroll  hide-desktop hide-laptop hide-laptop hide-laptop hide-laptop default-width\" style=\"\">\n<div class=\"mcb-background-overlay\"><\/div>\n<div class=\"section_wrapper mfn-wrapper-for-wraps mcb-section-inner mcb-section-inner-rm2vuojg5\">\n<div id=\"how-it-works\" class=\"wrap mcb-wrap mcb-wrap-zyz313fog three-fifth tablet-one laptop-three-fifth mobile-one clearfix\" data-desktop-col=\"three-fifth\" data-laptop-col=\"laptop-three-fifth\" data-tablet-col=\"tablet-one\" data-mobile-col=\"mobile-one\" style=\"\">\n<div class=\"mcb-wrap-inner mcb-wrap-inner-zyz313fog mfn-module-wrapper mfn-wrapper-for-wraps\">\n<div class=\"mcb-wrap-background-overlay\"><\/div>\n<div class=\"column mcb-column mcb-item-ob98rzkgu one laptop-one tablet-one mobile-one mfn-line-clamp column_heading\" style=\"\">\n<div class=\"mcb-column-inner mfn-module-wrapper mcb-column-inner-ob98rzkgu mcb-item-heading-inner\">\n<h2 class=\"title\">Vous avez perdu une valise lors de votre voyage ?<\/h2>\n<\/div>\n<\/div>\n<div class=\"column mcb-column mcb-item-0bz0nqtx one laptop-one tablet-one mobile-one column_divider_2\" style=\"\">\n<div class=\"mcb-column-inner mfn-module-wrapper mcb-column-inner-0bz0nqtx mcb-item-divider_2-inner\">\n<div class=\"mfn-divider mfn-divider-border mfn-divider-border-solid mfn-divider-start\">\n<div class=\"mfn-divider-inner\"><\/div>\n<\/div><\/div>\n<\/div>\n<div class=\"column mcb-column mcb-item-llkrj9udl one laptop-one tablet-one mobile-one column_column\" style=\"\">\n<div class=\"mcb-column-inner mfn-module-wrapper mcb-column-inner-llkrj9udl mcb-item-column-inner\">\n<div class=\"column_attr mfn-inline-editor clearfix\" style=\"\">\n<p style=\"text-align: left;\"><span style=\"letter-spacing: 0px;\">Plus d'un milliard d'objets sont perdus chaque ann\u00e9e, vous n'\u00eates donc pas seul. Nous sommes d\u00e9sol\u00e9s d'apprendre que vous avez \u00e9gar\u00e9 votre valise \u00e0 l'h\u00f4tel, mais heureusement Deliverback est l\u00e0 pour vous aider \u00e0 la retrouver et \u00e0 vous la faire livrer RAPIDEMENT !&nbsp;<\/span><\/p>\n<p style=\"text-align: left;\"><span style=\"letter-spacing: 0px;\">Il vous suffit de remplir le court formulaire ci-dessous pour indiquer \u00e0 cet \u00e9tablissement que vous avez laiss\u00e9 votre valise. Comparez plusieurs options d'exp\u00e9dition pour \u00e9conomiser de l'argent ou informez l'h\u00f4tel de l'heure \u00e0 laquelle vous reviendrez r\u00e9cup\u00e9rer votre valise.<\/span><\/p>\n<\/div>\n<\/div>\n<\/div>\n<div class=\"column mcb-column mcb-item-8w1qtqvk9 one laptop-one tablet-one mobile-one column_heading\" style=\"\">\n<div class=\"mcb-column-inner mfn-module-wrapper mcb-column-inner-8w1qtqvk9 mcb-item-heading-inner\">\n<h3 class=\"title\">Une proc\u00e9dure simple pour retrouver un objet oubli\u00e9 !<\/h3>\n<\/div>\n<\/div>\n<div class=\"column mcb-column mcb-item-ki51cxmnb one laptop-one tablet-one mobile-one column_column\" style=\"\">\n<div class=\"mcb-column-inner mfn-module-wrapper mcb-column-inner-ki51cxmnb mcb-item-column-inner\">\n<div class=\"column_attr mfn-inline-editor clearfix\" style=\"\">\n<ul class=\"list-checked list-primary list-circle font-size-lg list-xl mt-3 leading-8\">\n<li><span style=\"color: #283b4e;\">Remplissez le formulaire ci-dessous en d\u00e9clarant exactement ce que vous avez perdu.<\/span><\/li>\n<li><span style=\"color: #283b4e;\">Deliverback contacte l'h\u00f4tel\/l'a\u00e9roport pour confirmer que la valise que vous avez sp\u00e9cifi\u00e9e a \u00e9t\u00e9 trouv\u00e9e.<\/span><\/li>\n<li><span style=\"color: #283b4e;\">Apr\u00e8s avoir confirm\u00e9 que votre valise est pr\u00eate \u00e0 \u00eatre exp\u00e9di\u00e9e, nous vous envoyons un courriel pour cr\u00e9er et payer une \u00e9tiquette d'exp\u00e9dition. Nous vous permettons de comparer plusieurs soci\u00e9t\u00e9s d'exp\u00e9dition telles que FedEx, UPS, USPS, Postes Canada, DHL, et bien d'autres encore.<\/span><\/li>\n<li><span style=\"color: #283b4e;\">Une fois le paiement confirm\u00e9, Deliverback envoie la soci\u00e9t\u00e9 de transport sur place pour r\u00e9cup\u00e9rer votre valise et vous la livrer !<\/span><\/li>\n<\/ul>\n<h4>Voici un t\u00e9moignage de client pour une valise perdue<\/h4>\n<p>Un client a oubli\u00e9 sa valise apr\u00e8s l'avoir laiss\u00e9e sur le bureau de l'h\u00f4tel lors d'un d\u00e9part pr\u00e9cipit\u00e9. Il a d\u00e9pos\u00e9 une r\u00e9clamation aupr\u00e8s de Deliverback et, dans la journ\u00e9e, notre \u00e9quipe a r\u00e9cup\u00e9r\u00e9 la valise et organis\u00e9 son envoi en toute s\u00e9curit\u00e9 \u00e0 son domicile, lui \u00e9vitant ainsi des d\u00e9sagr\u00e9ments.<\/p>\n<h4>Des questions suppl\u00e9mentaires ?<\/h4>\n<p>Si vous avez des questions concernant la proc\u00e9dure des objets trouv\u00e9s mentionn\u00e9e ci-dessus, n'h\u00e9sitez pas \u00e0 contacter directement notre service d'assistance par courrier \u00e9lectronique \u00e0 l'adresse suivante : support@deliverback.com.<\/p>\n<\/div>\n<\/div>\n<\/div>\n<div class=\"column mcb-column mcb-item-m18wim0l two-fifth laptop-one-second tablet-two-fifth mobile-one column_button mfn-item-inline\" style=\"\">\n<div class=\"mcb-column-inner mfn-module-wrapper mcb-column-inner-m18wim0l mcb-item-button-inner\"><a class=\"button  button_full_width button_theme button_size_2\" href=\"https:\/\/orders.deliverback.com\/?variant=hotel\" title=\"\"><span class=\"button_label\">R\u00e9cup\u00e9rer sa valise<\/span><\/a>\n    <\/div>\n<\/div>\n<\/div>\n<\/div>\n<\/div>\n<\/section>\n<section class=\"section mcb-section mfn-default-section mcb-section-ywwwuzl2 default-width\" style=\"\">\n<div class=\"mcb-background-overlay\"><\/div>\n<div class=\"section_wrapper mfn-wrapper-for-wraps mcb-section-inner mcb-section-inner-ywwwuzl2\">\n<div class=\"wrap mcb-wrap mcb-wrap-nfol0hyw one-fifth tablet-one-fifth laptop-one-fifth mobile-one  hide-tablet hide-mobile clearfix\" data-desktop-col=\"one-fifth\" data-laptop-col=\"laptop-one-fifth\" data-tablet-col=\"tablet-one-fifth\" data-mobile-col=\"mobile-one\" style=\"\">\n<div class=\"mcb-wrap-inner mcb-wrap-inner-nfol0hyw mfn-module-wrapper mfn-wrapper-for-wraps\">\n<div class=\"mcb-wrap-background-overlay\"><\/div>\n<div class=\"column mcb-column mcb-item-lm0crbhl one laptop-one tablet-one mobile-one column_placeholder\" style=\"\">\n<div class=\"mcb-column-inner mfn-module-wrapper mcb-column-inner-lm0crbhl mcb-item-placeholder-inner\">\n<div class=\"placeholder\">&nbsp;<\/div>\n<\/div>\n<\/div>\n<\/div>\n<\/div>\n<div class=\"wrap mcb-wrap mcb-wrap-o2toy2uks three-fifth tablet-one laptop-three-fifth mobile-one clearfix\" data-desktop-col=\"three-fifth\" data-laptop-col=\"laptop-three-fifth\" data-tablet-col=\"tablet-one\" data-mobile-col=\"mobile-one\" style=\"\">\n<div class=\"mcb-wrap-inner mcb-wrap-inner-o2toy2uks mfn-module-wrapper mfn-wrapper-for-wraps\">\n<div class=\"mcb-wrap-background-overlay\"><\/div>\n<div class=\"column mcb-column mcb-item-22d7ttpt one laptop-one tablet-one mobile-one column_heading\" style=\"\">\n<div class=\"mcb-column-inner mfn-module-wrapper mcb-column-inner-22d7ttpt mcb-item-heading-inner\">\n<h3 class=\"title\">Questions fr\u00e9quemment pos\u00e9es sur la perte d'une valise \u00e0 l'h\u00f4tel ou \u00e0 l'a\u00e9roport<\/h3>\n<\/div>\n<\/div>\n<div class=\"column mcb-column mcb-item-1idag1kn one laptop-one tablet-one mobile-one column_toggle\" style=\"\">\n<div class=\"mcb-column-inner mfn-module-wrapper mcb-column-inner-1idag1kn mcb-item-toggle-inner\">\n<div class=\"mfn-toggle mfn-toggle-ordered mfn-toggle-divider mfn-toggle-icon-disable\">\n<div class=\"mfn-toggle-item\" style=\"counter-set:my-sec-counter 0\">\n<div class=\"toggle-bar\"><span class=\"toggle-bar-icon\"><\/span><\/p>\n<h4 class=\"toggle-heading\">Comment puis-je r\u00e9cup\u00e9rer ma valise perdue dans un h\u00f4tel ?<\/h4>\n<p><a class=\"toggle-icon\" tabindex=\"0\"><i aria-hidden=\"true\" class=\"fas fa-plus plus\"><\/i><i aria-hidden=\"true\" class=\"fas fa-minus minus\"><\/i><\/a><\/div>\n<div class=\"toggle-content\" aria-expanded=\"false\" style=\"display:none\">Pour r\u00e9cup\u00e9rer votre valise perdue dans un h\u00f4tel, vous pouvez utiliser Deliverback. Il vous suffit de cliquer sur le bouton ci-dessus et de lancer le processus de r\u00e9cup\u00e9ration de la valise perdue. Une fois que vous aurez rempli vos coordonn\u00e9es et effectu\u00e9 le paiement, Deliverback coordonnera l'enl\u00e8vement avec votre h\u00f4tel et vous renverra la valise.<\/div>\n<\/div>\n<hr class=\"toggle-divider\">\n<div class=\"mfn-toggle-item\">\n<div class=\"toggle-bar\"><span class=\"toggle-bar-icon\"><\/span><\/p>\n<h4 class=\"toggle-heading\">Quels sont les frais de r\u00e9cup\u00e9ration d'une valise perdue dans un h\u00f4tel ?<\/h4>\n<p><a class=\"toggle-icon\" tabindex=\"0\"><i aria-hidden=\"true\" class=\"fas fa-plus plus\"><\/i><i aria-hidden=\"true\" class=\"fas fa-minus minus\"><\/i><\/a><\/div>\n<div class=\"toggle-content\" aria-expanded=\"false\" style=\"display:none\">Le co\u00fbt de r\u00e9cup\u00e9ration d'une valise perdue dans un h\u00f4tel d\u00e9pend de nombreux facteurs tels que l'adresse de livraison et la taille de l'emballage qui sera utilis\u00e9 pour emballer votre valise. Lorsque vous remplissez notre formulaire, nous calculons automatiquement le co\u00fbt en vous proposant plusieurs options.<\/div>\n<\/div>\n<hr class=\"toggle-divider\">\n<div class=\"mfn-toggle-item\">\n<div class=\"toggle-bar\"><span class=\"toggle-bar-icon\"><\/span><\/p>\n<h4 class=\"toggle-heading\">Quelle est la dur\u00e9e estim\u00e9e de la livraison d'une valise \u00e0 partir d'un h\u00f4tel ?<\/h4>\n<p><a class=\"toggle-icon\" tabindex=\"0\"><i aria-hidden=\"true\" class=\"fas fa-plus plus\"><\/i><i aria-hidden=\"true\" class=\"fas fa-minus minus\"><\/i><\/a><\/div>\n<div class=\"toggle-content\" aria-expanded=\"false\" style=\"display:none\">Le d\u00e9lai de livraison estim\u00e9 d\u00e9pend de votre h\u00f4tel ainsi que de la soci\u00e9t\u00e9 de transport que vous choisirez pour r\u00e9cup\u00e9rer votre valise perdue et la livrer \u00e0 votre adresse. Le d\u00e9lai type est de 2 \u00e0 5 jours, mais vous trouverez plus de d\u00e9tails dans notre formulaire de commande (cliquez sur le bouton ci-dessus).<\/div>\n<\/div>\n<hr class=\"toggle-divider\">\n<div class=\"mfn-toggle-item\">\n<div class=\"toggle-bar\"><span class=\"toggle-bar-icon\"><\/span><\/p>\n<h4 class=\"toggle-heading\">L'h\u00f4tel va-t-il s'occuper de l'emballage de ma valise ?<\/h4>\n<p><a class=\"toggle-icon\" tabindex=\"0\"><i aria-hidden=\"true\" class=\"fas fa-plus plus\"><\/i><i aria-hidden=\"true\" class=\"fas fa-minus minus\"><\/i><\/a><\/div>\n<div class=\"toggle-content\" aria-expanded=\"false\" style=\"display:none\">La r\u00e9ponse courte est oui ! Deliverback coordonnera le processus d'emballage avec votre h\u00f4tel et, apr\u00e8s avoir v\u00e9rifi\u00e9 que votre valise perdue a \u00e9t\u00e9 retrouv\u00e9e, fournira des instructions sur la fa\u00e7on d'emballer la valise, d'imprimer l'\u00e9tiquette d'exp\u00e9dition et de la renvoyer \u00e0 l'adresse de votre choix.<\/div>\n<\/div>\n<\/div><\/div>\n<\/div>\n<\/div>\n<\/div>\n<\/div>\n<\/section>\n<section class=\"section mcb-section mfn-default-section mcb-section-oqvj1m7be default-width\" style=\"\">\n<div class=\"mcb-background-overlay\"><\/div>\n<div class=\"section_wrapper mfn-wrapper-for-wraps mcb-section-inner mcb-section-inner-oqvj1m7be\">\n<div class=\"wrap mcb-wrap mcb-wrap-q3phb8yx8n one tablet-one laptop-one mobile-one clearfix\" data-desktop-col=\"one\" data-laptop-col=\"laptop-one\" data-tablet-col=\"tablet-one\" data-mobile-col=\"mobile-one\" style=\"\">\n<div class=\"mcb-wrap-inner mcb-wrap-inner-q3phb8yx8n mfn-module-wrapper mfn-wrapper-for-wraps\">\n<div class=\"mcb-wrap-background-overlay\"><\/div>\n<\/div>\n<\/div>\n<\/div>\n<\/section>\n<\/div><\/div>\n<p><meta property=\"og:title\" content=\"R\u00e9cup\u00e9rez votre valise perdue\"\/><br \/>\n      <meta property=\"og:description\" content=\"Retrouvez votre valise perdue plus rapidement gr\u00e2ce \u00e0 Deliverback. En toute s\u00e9curit\u00e9, rapidement et au meilleur prix\"\/><br \/>\n      <meta property=\"og:type\" content=\"article\"\/><br \/>\n      <meta property=\"og:url\" content=\"https:\/\/deliverback.com\/items\/suitcase\"\/><br \/>\n      <meta property=\"og:image\" content=\"https:\/\/deliverback.com\/wp-content\/uploads\/2024\/10\/Deliverback-hero-image.png\"\/><\/p>","protected":false},"excerpt":{"rendered":"<p>&nbsp; Forget your Suitcase at a hotel? Use Deliverback to get your lost Suitcase back fast! Just register your lost property request and we&#8217;ll get back<span class=\"excerpt-hellip\"> [\u2026]<\/span><\/p>\n","protected":false},"author":3,"featured_media":0,"parent":7059,"menu_order":0,"comment_status":"closed","ping_status":"closed","template":"template-portfolio.php","meta":{"footnotes":""},"class_list":["post-7108","page","type-page","status-publish","hentry"],"_links":{"self":[{"href":"https:\/\/deliverback.com\/fr\/wp-json\/wp\/v2\/pages\/7108","targetHints":{"allow":["GET"]}}],"collection":[{"href":"https:\/\/deliverback.com\/fr\/wp-json\/wp\/v2\/pages"}],"about":[{"href":"https:\/\/deliverback.com\/fr\/wp-json\/wp\/v2\/types\/page"}],"author":[{"embeddable":true,"href":"https:\/\/deliverback.com\/fr\/wp-json\/wp\/v2\/users\/3"}],"replies":[{"embeddable":true,"href":"https:\/\/deliverback.com\/fr\/wp-json\/wp\/v2\/comments?post=7108"}],"version-history":[{"count":0,"href":"https:\/\/deliverback.com\/fr\/wp-json\/wp\/v2\/pages\/7108\/revisions"}],"up":[{"embeddable":true,"href":"https:\/\/deliverback.com\/fr\/wp-json\/wp\/v2\/pages\/7059"}],"wp:attachment":[{"href":"https:\/\/deliverback.com\/fr\/wp-json\/wp\/v2\/media?parent=7108"}],"curies":[{"name":"wp","href":"https:\/\/api.w.org\/{rel}","templated":true}]}}