{"id":7135,"date":"2024-11-22T04:24:24","date_gmt":"2024-11-22T01:24:24","guid":{"rendered":"https:\/\/deliverback.com\/items\/wireless-earbuds\/"},"modified":"2024-11-22T04:24:24","modified_gmt":"2024-11-22T01:24:24","slug":"wireless-earbuds","status":"publish","type":"page","link":"https:\/\/deliverback.com\/it\/items\/wireless-earbuds\/","title":{"rendered":"Recuperate gli auricolari wireless smarriti"},"content":{"rendered":"<p><meta name=\"description\" content=\"Recuperate pi\u00f9 velocemente i vostri auricolari wireless smarriti con Deliverback. Con sicurezza, velocit\u00e0 e il miglior prezzo\"><\/p>\n<style>\n    .fa-minus{\n        visibility: hidden !important;\n    }<\/p>\n<p>    #Header_wrapper{\n        visibility: none !important;\n    }<\/p>\n<p>    #Subheader{\n        visibility: hidden !important;\n    }\n<\/style>\n<div class=\"entry-content\" itemprop=\"mainContentOfPage\">\n<div class=\"mfn-builder-content mfn-default-tmpl-builder\">\n<section class=\"section mcb-section mfn-default-section mcb-section-925b8ab3e  hide-tablet hide-mobile default-width\" style=\"\">\n<div class=\"mcb-background-overlay\"><\/div>\n<div class=\"section_wrapper mfn-wrapper-for-wraps mcb-section-inner mcb-section-inner-925b8ab3e\">\n<div class=\"wrap mcb-wrap mcb-wrap-5lvns93op one-sixth tablet-one-sixth laptop-one-sixth mobile-one  hide-mobile clearfix\" data-desktop-col=\"one-sixth\" data-laptop-col=\"laptop-one-sixth\" data-tablet-col=\"tablet-one-sixth\" data-mobile-col=\"mobile-one\" style=\"\">\n<div class=\"mcb-wrap-inner mcb-wrap-inner-5lvns93op mfn-module-wrapper mfn-wrapper-for-wraps\">\n<div class=\"mcb-wrap-background-overlay\"><\/div>\n<div class=\"column mcb-column mcb-item-0ylh5pedk one laptop-one tablet-one mobile-one column_placeholder\" style=\"\">\n<div class=\"mcb-column-inner mfn-module-wrapper mcb-column-inner-0ylh5pedk mcb-item-placeholder-inner\">\n<div class=\"placeholder\">&nbsp;<\/div>\n<\/div>\n<\/div>\n<\/div>\n<\/div>\n<div class=\"wrap mcb-wrap mcb-wrap-21c6a1ec0 two-third tablet-two-third laptop-two-third mobile-one clearfix\" data-desktop-col=\"two-third\" data-laptop-col=\"laptop-two-third\" data-tablet-col=\"tablet-two-third\" data-mobile-col=\"mobile-one\" style=\"\">\n<div class=\"mcb-wrap-inner mcb-wrap-inner-21c6a1ec0 mfn-module-wrapper mfn-wrapper-for-wraps\">\n<div class=\"mcb-wrap-background-overlay\"><\/div>\n<div class=\"column mcb-column mcb-item-vehxa6ac one laptop-one tablet-one mobile-one column_image image_wrapper\" style=\"visibility: hidden    \"><\/p>\n<div class=\"mcb-column-inner mfn-module-wrapper mcb-column-inner-vehxa6ac mcb-item-image-inner\">\n<div class=\"image_frame image_item no_link scale-with-grid alignnone no_border\"><\/div>\n<\/p><\/div>\n<\/div>\n<div class=\"column mcb-column mcb-item-a297777d7 one laptop-one tablet-one mobile-one column_heading\" style=\"\">\n<div class=\"mcb-column-inner mfn-module-wrapper mcb-column-inner-a297777d7 mcb-item-heading-inner\">\n<h1 class=\"title\">Avete dimenticato gli auricolari wireless in hotel?<\/h1>\n<\/div>\n<\/div>\n<div class=\"column mcb-column mcb-item-4301aaabc one laptop-one tablet-one mobile-one column_column\" style=\"\">\n<div class=\"mcb-column-inner mfn-module-wrapper mcb-column-inner-4301aaabc mcb-item-column-inner\">\n<div class=\"column_attr mfn-inline-editor clearfix\" style=\"\">\n<p style=\"text-align: center;\">Utilizzate Deliverback per recuperare velocemente gli auricolari wireless smarriti! Basta registrare la richiesta di smarrimento e noi vi risponderemo.<\/p>\n<\/div>\n<\/div>\n<\/div>\n<div class=\"column mcb-column mcb-item-uin7rinkr two-fifth laptop-one-second tablet-two-fifth mobile-one column_button mfn-item-inline\" style=\"\">\n<div class=\"mcb-column-inner mfn-module-wrapper mcb-column-inner-uin7rinkr mcb-item-button-inner\"><a class=\"button  button_theme button_size_2\" href=\"https:\/\/orders.deliverback.com\/?variant=hotel\" title=\"\"><span class=\"button_label\">Recuperate i vostri auricolari wireless<\/span><\/a>\n    <\/div>\n<\/div>\n<\/div>\n<\/div>\n<\/div>\n<\/section>\n<section class=\"section mcb-section mfn-default-section mcb-section-24eijsysn  hide-desktop hide-laptop default-width\" style=\"\">\n<div class=\"mcb-background-overlay\"><\/div>\n<div class=\"section_wrapper mfn-wrapper-for-wraps mcb-section-inner mcb-section-inner-24eijsysn\">\n<div class=\"wrap mcb-wrap mcb-wrap-096az6wo two-third tablet-one laptop-two-third mobile-one clearfix\" data-desktop-col=\"two-third\" data-laptop-col=\"laptop-two-third\" data-tablet-col=\"tablet-one\" data-mobile-col=\"mobile-one\" style=\"\">\n<div class=\"mcb-wrap-inner mcb-wrap-inner-096az6wo mfn-module-wrapper mfn-wrapper-for-wraps\">\n<div class=\"mcb-wrap-background-overlay\"><\/div>\n<div class=\"column mcb-column mcb-item-68jokorgp one laptop-one tablet-one mobile-one column_heading\" style=\"\">\n<div class=\"mcb-column-inner mfn-module-wrapper mcb-column-inner-68jokorgp mcb-item-heading-inner\">\n<h2 class=\"title\">Recuperate gli auricolari wireless smarriti<\/h2>\n<\/div>\n<\/div>\n<div class=\"column mcb-column mcb-item-rmdi75k0k one laptop-one tablet-one mobile-one column_column\" style=\"\">\n<div class=\"mcb-column-inner mfn-module-wrapper mcb-column-inner-rmdi75k0k mcb-item-column-inner\">\n<div class=\"column_attr mfn-inline-editor clearfix\" style=\"\">\n<p style=\"text-align: center;\">Utilizzate Deliverback per recuperare velocemente gli auricolari wireless smarriti! Basta registrare la richiesta di smarrimento e noi vi risponderemo.<\/p>\n<\/div>\n<\/div>\n<\/div>\n<div class=\"column mcb-column mcb-item-55e5kmrmi two-fifth laptop-one-second tablet-two-fifth mobile-one column_button mfn-item-inline\" style=\"\">\n<div class=\"mcb-column-inner mfn-module-wrapper mcb-column-inner-55e5kmrmi mcb-item-button-inner\"><a class=\"button  button_theme button_size_2\" href=\"https:\/\/orders.deliverback.com\/?variant=hotel\" title=\"\"><span class=\"button_label\">Recuperate i vostri auricolari wireless<\/span><\/a>\n    <\/div>\n<\/div>\n<\/div>\n<\/div>\n<\/div>\n<\/section>\n<section class=\"section mcb-section mfn-default-section mcb-section-4cc3472ba Scroll  hide-tablet hide-mobile default-width\" style=\"\">\n<div class=\"mcb-background-overlay\"><\/div>\n<div class=\"section_wrapper mfn-wrapper-for-wraps mcb-section-inner mcb-section-inner-4cc3472ba\">\n<div class=\"wrap mcb-wrap mcb-wrap-wqp17w0sg one-fifth tablet-one-fifth laptop-one-fifth mobile-one  hide-mobile clearfix\" data-desktop-col=\"one-fifth\" data-laptop-col=\"laptop-one-fifth\" data-tablet-col=\"tablet-one-fifth\" data-mobile-col=\"mobile-one\" style=\"\">\n<div class=\"mcb-wrap-inner mcb-wrap-inner-wqp17w0sg mfn-module-wrapper mfn-wrapper-for-wraps\">\n<div class=\"mcb-wrap-background-overlay\"><\/div>\n<div class=\"column mcb-column mcb-item-tbgol7apl one laptop-one tablet-one mobile-one column_placeholder\" style=\"\">\n<div class=\"mcb-column-inner mfn-module-wrapper mcb-column-inner-tbgol7apl mcb-item-placeholder-inner\">\n<div class=\"placeholder\">&nbsp;<\/div>\n<\/div>\n<\/div>\n<\/div>\n<\/div>\n<div id=\"how-it-works\" class=\"wrap mcb-wrap mcb-wrap-4ba716288 three-fifth tablet-three-fifth laptop-three-fifth mobile-one clearfix\" data-desktop-col=\"three-fifth\" data-laptop-col=\"laptop-three-fifth\" data-tablet-col=\"tablet-three-fifth\" data-mobile-col=\"mobile-one\" style=\"\">\n<div class=\"mcb-wrap-inner mcb-wrap-inner-4ba716288 mfn-module-wrapper mfn-wrapper-for-wraps\">\n<div class=\"mcb-wrap-background-overlay\"><\/div>\n<div class=\"column mcb-column mcb-item-f74dbafe0 one laptop-one tablet-one mobile-one mfn-line-clamp column_heading\" style=\"\">\n<div class=\"mcb-column-inner mfn-module-wrapper mcb-column-inner-f74dbafe0 mcb-item-heading-inner\">\n<h2 class=\"title\">Avete perso gli auricolari wireless durante il viaggio?<\/h2>\n<\/div>\n<\/div>\n<div class=\"column mcb-column mcb-item-0jg8u0d4d one laptop-one tablet-one mobile-one column_divider_2\" style=\"\">\n<div class=\"mcb-column-inner mfn-module-wrapper mcb-column-inner-0jg8u0d4d mcb-item-divider_2-inner\">\n<div class=\"mfn-divider mfn-divider-border mfn-divider-border-solid mfn-divider-start\">\n<div class=\"mfn-divider-inner\"><\/div>\n<\/div><\/div>\n<\/div>\n<div class=\"column mcb-column mcb-item-bcdc6e415 one laptop-one tablet-one mobile-one column_column\" style=\"\">\n<div class=\"mcb-column-inner mfn-module-wrapper mcb-column-inner-bcdc6e415 mcb-item-column-inner\">\n<div class=\"column_attr mfn-inline-editor clearfix\" style=\"\">\n<p>Non siete soli se avete perso i vostri auricolari wireless. Milioni di viaggiatori perdono i loro oggetti personali ogni anno e sono alla ricerca di modi per recuperarli!<\/p>\n<p>Avete perso gli auricolari wireless? Deliverback \u00e8 qui per aiutarvi a recuperarli in modo rapido e sicuro.<\/p>\n<p>Gli auricolari wireless sono estremamente portatili, ma spesso vengono dimenticati nelle camere d'albergo o abbandonati in spazi condivisi come i salotti. La perdita di questi dispositivi pu\u00f2 sconvolgere i piani di viaggio, i programmi di lavoro o le attivit\u00e0 di svago, soprattutto se sono fondamentali per l'uso quotidiano o l'intrattenimento.<\/p>\n<p>Se avete perso i vostri auricolari wireless, agite rapidamente contattando l'hotel o il luogo in cui sono stati lasciati. Per un'esperienza senza problemi, presentate un reclamo a Deliverback. Siamo specializzati nel recupero di dispositivi elettronici e lavoreremo per localizzare i vostri auricolari wireless e assicurarci che vi vengano restituiti in modo sicuro ed efficiente.<\/p>\n<p>Compilando semplicemente il breve modulo sottostante, informeremo l'hotel o l'aeroporto della vostra perdita di valore. Avrete la possibilit\u00e0 di confrontare diversi metodi di spedizione per risparmiare sui costi o di comunicare all'hotel\/aeroporto quando tornerete a ritirare il vostro oggetto di persona. Siamo qui per aiutarvi a recuperare i vostri auricolari wireless!<\/p>\n<\/div>\n<\/div>\n<\/div>\n<div class=\"column mcb-column mcb-item-10lje2neg one laptop-one tablet-one mobile-one column_heading\" style=\"\">\n<div class=\"mcb-column-inner mfn-module-wrapper mcb-column-inner-10lje2neg mcb-item-heading-inner\">\n<h3 class=\"title\">Semplice procedura di Lost &amp; Found per riavere il vostro oggetto dimenticato!<\/h3>\n<\/div>\n<\/div>\n<div class=\"column mcb-column mcb-item-efnh3jiuc one laptop-one tablet-one mobile-one column_column\" style=\"\">\n<div class=\"mcb-column-inner mfn-module-wrapper mcb-column-inner-efnh3jiuc mcb-item-column-inner\">\n<div class=\"column_attr mfn-inline-editor clearfix\" style=\"\">\n<ul class=\"list-checked list-primary list-circle font-size-lg list-xl mt-3 leading-8\">\n<li><span style=\"color: #070808;\">Compilate il modulo sottostante dichiarando cosa avete perso esattamente e completate il pagamento per i vostri auricolari wireless smarriti.<\/span><\/li>\n<li><span style=\"color: #070808;\">Deliverback contatta il vostro hotel\/aeroporto per confermare che gli auricolari wireless da voi indicati sono stati trovati.&nbsp;<\/span><\/li>\n<li><span style=\"color: #070808;\">Se gli auricolari wireless non sono stati trovati, Deliverback rimborser\u00e0 automaticamente l'importo pagato.<\/span><\/li>\n<li><span style=\"color: #070808;\">Nel caso in cui gli auricolari wireless si trovino in hotel e sia confermato che gli auricolari wireless sono pronti per essere spediti, provvederemo a ritirare gli auricolari wireless in collaborazione con i nostri corrieri.<\/span><\/li>\n<li><span style=\"color: #070808;\">Vi consentiamo di confrontare pi\u00f9 societ\u00e0 di spedizione come FedEx, UPS, DHL e molte altre.<\/span><\/li>\n<li><span style=\"color: #070808;\">Una volta che l'hotel\/aeroporto ha confermato che l'imballaggio \u00e8 pronto e l'etichetta di spedizione \u00e8 stata stampata, Deliverback invier\u00e0 la societ\u00e0 di spedizione selezionata a ritirare il pacco dall'hotel.<\/span><\/li>\n<li><span style=\"color: #070808;\">Riceverete notifiche via e-mail sullo stato dell'ordine e su dove si trovano gli auricolari wireless smarriti.<\/span><\/li>\n<\/ul>\n<p style=\"color: #070808;\">In caso di domande relative alla procedura di smarrimento di cui sopra, \u00e8 possibile contattare il nostro servizio di assistenza direttamente via e-mail all'indirizzo support@deliverback.com.<\/p>\n<\/div>\n<\/div>\n<\/div>\n<div class=\"column mcb-column mcb-item-kt3m6rx4o two-fifth laptop-one-second tablet-two-fifth mobile-one column_button mfn-item-inline\" style=\"\">\n<div class=\"mcb-column-inner mfn-module-wrapper mcb-column-inner-kt3m6rx4o mcb-item-button-inner\"><a class=\"button  button_full_width button_theme button_size_2\" href=\"https:\/\/orders.deliverback.com\/?variant=hotel\" title=\"\"><span class=\"button_label\">Recuperate i vostri auricolari wireless<\/span><\/a>\n    <\/div>\n<\/div>\n<\/div>\n<\/div>\n<\/div>\n<\/section>\n<section class=\"section mcb-section mfn-default-section mcb-section-rm2vuojg5 Scroll  hide-desktop hide-laptop hide-laptop hide-laptop hide-laptop default-width\" style=\"\">\n<div class=\"mcb-background-overlay\"><\/div>\n<div class=\"section_wrapper mfn-wrapper-for-wraps mcb-section-inner mcb-section-inner-rm2vuojg5\">\n<div id=\"how-it-works\" class=\"wrap mcb-wrap mcb-wrap-zyz313fog three-fifth tablet-one laptop-three-fifth mobile-one clearfix\" data-desktop-col=\"three-fifth\" data-laptop-col=\"laptop-three-fifth\" data-tablet-col=\"tablet-one\" data-mobile-col=\"mobile-one\" style=\"\">\n<div class=\"mcb-wrap-inner mcb-wrap-inner-zyz313fog mfn-module-wrapper mfn-wrapper-for-wraps\">\n<div class=\"mcb-wrap-background-overlay\"><\/div>\n<div class=\"column mcb-column mcb-item-ob98rzkgu one laptop-one tablet-one mobile-one mfn-line-clamp column_heading\" style=\"\">\n<div class=\"mcb-column-inner mfn-module-wrapper mcb-column-inner-ob98rzkgu mcb-item-heading-inner\">\n<h2 class=\"title\">Avete perso gli auricolari wireless durante un viaggio?<\/h2>\n<\/div>\n<\/div>\n<div class=\"column mcb-column mcb-item-0bz0nqtx one laptop-one tablet-one mobile-one column_divider_2\" style=\"\">\n<div class=\"mcb-column-inner mfn-module-wrapper mcb-column-inner-0bz0nqtx mcb-item-divider_2-inner\">\n<div class=\"mfn-divider mfn-divider-border mfn-divider-border-solid mfn-divider-start\">\n<div class=\"mfn-divider-inner\"><\/div>\n<\/div><\/div>\n<\/div>\n<div class=\"column mcb-column mcb-item-llkrj9udl one laptop-one tablet-one mobile-one column_column\" style=\"\">\n<div class=\"mcb-column-inner mfn-module-wrapper mcb-column-inner-llkrj9udl mcb-item-column-inner\">\n<div class=\"column_attr mfn-inline-editor clearfix\" style=\"\">\n<p style=\"text-align: left;\"><span style=\"letter-spacing: 0px;\">Ogni anno vengono smarriti oltre 1 miliardo di oggetti, quindi non siete soli. Ci dispiace sapere che avete smarrito i vostri auricolari wireless in hotel, ma per fortuna Deliverback \u00e8 qui per aiutarvi a ritrovarli e a farveli recapitare velocemente!&nbsp;<\/span><\/p>\n<p style=\"text-align: left;\"><span style=\"letter-spacing: 0px;\">\u00c8 sufficiente compilare il breve modulo sottostante per comunicare a questa struttura che avete lasciato il vostro valore. Confronta pi\u00f9 opzioni di spedizione per risparmiare o comunica all'hotel quando tornerai a ritirare gli auricolari wireless.<\/span><\/p>\n<\/div>\n<\/div>\n<\/div>\n<div class=\"column mcb-column mcb-item-8w1qtqvk9 one laptop-one tablet-one mobile-one column_heading\" style=\"\">\n<div class=\"mcb-column-inner mfn-module-wrapper mcb-column-inner-8w1qtqvk9 mcb-item-heading-inner\">\n<h3 class=\"title\">Semplice procedura di Lost &amp; Found per riavere il vostro oggetto dimenticato!<\/h3>\n<\/div>\n<\/div>\n<div class=\"column mcb-column mcb-item-ki51cxmnb one laptop-one tablet-one mobile-one column_column\" style=\"\">\n<div class=\"mcb-column-inner mfn-module-wrapper mcb-column-inner-ki51cxmnb mcb-item-column-inner\">\n<div class=\"column_attr mfn-inline-editor clearfix\" style=\"\">\n<ul class=\"list-checked list-primary list-circle font-size-lg list-xl mt-3 leading-8\">\n<li><span style=\"color: #283b4e;\">Compilate il modulo sottostante dichiarando cosa avete perso esattamente.<\/span><\/li>\n<li><span style=\"color: #283b4e;\">Deliverback contatta l'hotel\/aeroporto per confermare che gli auricolari wireless specificati sono stati trovati.<\/span><\/li>\n<li><span style=\"color: #283b4e;\">Dopo aver confermato che gli auricolari wireless sono pronti per essere spediti, vi inviamo un'e-mail per creare e pagare un'etichetta di spedizione. Vi consentiamo di confrontare pi\u00f9 societ\u00e0 di spedizione come FedEx, UPS, USPS, Canada Post, DHL e molte altre.<\/span><\/li>\n<li><span style=\"color: #283b4e;\">Una volta confermato il pagamento, Deliverback invia la societ\u00e0 di spedizioni sul posto per prendere gli auricolari wireless e consegnarli a voi!<\/span><\/li>\n<\/ul>\n<h4>Ecco la storia di un cliente che ha smarrito degli auricolari wireless<\/h4>\n<p>Un viaggiatore ha lasciato gli auricolari wireless in carica nella camera d'albergo durante il check-out. Il viaggiatore ha segnalato lo smarrimento tramite Deliverback e, nel giro di 48 ore, il nostro team si \u00e8 coordinato con l'hotel per recuperare gli auricolari wireless e spedirli in modo sicuro alla loro prossima destinazione, assicurando una minima interruzione dei loro piani.<\/p>\n<h4>Altre domande?<\/h4>\n<p>In caso di domande relative al processo di smarrimento di cui sopra, non esitate a contattare il nostro servizio di assistenza direttamente via e-mail all'indirizzo support@deliverback.com.<\/p>\n<\/div>\n<\/div>\n<\/div>\n<div class=\"column mcb-column mcb-item-m18wim0l two-fifth laptop-one-second tablet-two-fifth mobile-one column_button mfn-item-inline\" style=\"\">\n<div class=\"mcb-column-inner mfn-module-wrapper mcb-column-inner-m18wim0l mcb-item-button-inner\"><a class=\"button  button_full_width button_theme button_size_2\" href=\"https:\/\/orders.deliverback.com\/?variant=hotel\" title=\"\"><span class=\"button_label\">Recuperate i vostri auricolari wireless<\/span><\/a>\n    <\/div>\n<\/div>\n<\/div>\n<\/div>\n<\/div>\n<\/section>\n<section class=\"section mcb-section mfn-default-section mcb-section-ywwwuzl2 default-width\" style=\"\">\n<div class=\"mcb-background-overlay\"><\/div>\n<div class=\"section_wrapper mfn-wrapper-for-wraps mcb-section-inner mcb-section-inner-ywwwuzl2\">\n<div class=\"wrap mcb-wrap mcb-wrap-nfol0hyw one-fifth tablet-one-fifth laptop-one-fifth mobile-one  hide-tablet hide-mobile clearfix\" data-desktop-col=\"one-fifth\" data-laptop-col=\"laptop-one-fifth\" data-tablet-col=\"tablet-one-fifth\" data-mobile-col=\"mobile-one\" style=\"\">\n<div class=\"mcb-wrap-inner mcb-wrap-inner-nfol0hyw mfn-module-wrapper mfn-wrapper-for-wraps\">\n<div class=\"mcb-wrap-background-overlay\"><\/div>\n<div class=\"column mcb-column mcb-item-lm0crbhl one laptop-one tablet-one mobile-one column_placeholder\" style=\"\">\n<div class=\"mcb-column-inner mfn-module-wrapper mcb-column-inner-lm0crbhl mcb-item-placeholder-inner\">\n<div class=\"placeholder\">&nbsp;<\/div>\n<\/div>\n<\/div>\n<\/div>\n<\/div>\n<div class=\"wrap mcb-wrap mcb-wrap-o2toy2uks three-fifth tablet-one laptop-three-fifth mobile-one clearfix\" data-desktop-col=\"three-fifth\" data-laptop-col=\"laptop-three-fifth\" data-tablet-col=\"tablet-one\" data-mobile-col=\"mobile-one\" style=\"\">\n<div class=\"mcb-wrap-inner mcb-wrap-inner-o2toy2uks mfn-module-wrapper mfn-wrapper-for-wraps\">\n<div class=\"mcb-wrap-background-overlay\"><\/div>\n<div class=\"column mcb-column mcb-item-22d7ttpt one laptop-one tablet-one mobile-one column_heading\" style=\"\">\n<div class=\"mcb-column-inner mfn-module-wrapper mcb-column-inner-22d7ttpt mcb-item-heading-inner\">\n<h3 class=\"title\">Domande frequenti sugli auricolari wireless smarriti in hotel o in aeroporto<\/h3>\n<\/div>\n<\/div>\n<div class=\"column mcb-column mcb-item-1idag1kn one laptop-one tablet-one mobile-one column_toggle\" style=\"\">\n<div class=\"mcb-column-inner mfn-module-wrapper mcb-column-inner-1idag1kn mcb-item-toggle-inner\">\n<div class=\"mfn-toggle mfn-toggle-ordered mfn-toggle-divider mfn-toggle-icon-disable\">\n<div class=\"mfn-toggle-item\" style=\"counter-set:my-sec-counter 0\">\n<div class=\"toggle-bar\"><span class=\"toggle-bar-icon\"><\/span><\/p>\n<h4 class=\"toggle-heading\">Come posso recuperare gli auricolari wireless smarriti da un hotel?<\/h4>\n<p><a class=\"toggle-icon\" tabindex=\"0\"><i aria-hidden=\"true\" class=\"fas fa-plus plus\"><\/i><i aria-hidden=\"true\" class=\"fas fa-minus minus\"><\/i><\/a><\/div>\n<div class=\"toggle-content\" aria-expanded=\"false\" style=\"display:none\">Per recuperare gli auricolari wireless smarriti da un hotel potete utilizzare Deliverback. Basta fare clic sul pulsante qui sopra e avviare il processo di recupero degli auricolari wireless smarriti. Una volta compilati i dati e completato il pagamento, Deliverback coordiner\u00e0 il ritiro con l'hotel e vi rispedir\u00e0 gli auricolari wireless.<\/div>\n<\/div>\n<hr class=\"toggle-divider\">\n<div class=\"mfn-toggle-item\">\n<div class=\"toggle-bar\"><span class=\"toggle-bar-icon\"><\/span><\/p>\n<h4 class=\"toggle-heading\">Qual \u00e8 il costo per recuperare gli auricolari wireless smarriti in un hotel?<\/h4>\n<p><a class=\"toggle-icon\" tabindex=\"0\"><i aria-hidden=\"true\" class=\"fas fa-plus plus\"><\/i><i aria-hidden=\"true\" class=\"fas fa-minus minus\"><\/i><\/a><\/div>\n<div class=\"toggle-content\" aria-expanded=\"false\" style=\"display:none\">Il costo per recuperare gli auricolari wireless smarriti da un hotel dipende da molti fattori, come l'indirizzo di consegna e le dimensioni del pacco utilizzato per imballare gli auricolari wireless. Quando compilate il nostro modulo, calcoleremo automaticamente il costo fornendovi diverse opzioni<\/div>\n<\/div>\n<hr class=\"toggle-divider\">\n<div class=\"mfn-toggle-item\">\n<div class=\"toggle-bar\"><span class=\"toggle-bar-icon\"><\/span><\/p>\n<h4 class=\"toggle-heading\">Qual \u00e8 il tempo stimato di consegna di un auricolare wireless da parte di un hotel?<\/h4>\n<p><a class=\"toggle-icon\" tabindex=\"0\"><i aria-hidden=\"true\" class=\"fas fa-plus plus\"><\/i><i aria-hidden=\"true\" class=\"fas fa-minus minus\"><\/i><\/a><\/div>\n<div class=\"toggle-content\" aria-expanded=\"false\" style=\"display:none\">I tempi di consegna stimati dipendono dall'hotel e dalla societ\u00e0 di spedizione scelta per ritirare gli auricolari wireless smarriti e consegnarli al vostro indirizzo. La durata tipica \u00e8 di 2-5 giorni, ma per maggiori dettagli consultare il nostro modulo d'ordine (fare clic sul pulsante qui sopra).<\/div>\n<\/div>\n<hr class=\"toggle-divider\">\n<div class=\"mfn-toggle-item\">\n<div class=\"toggle-bar\"><span class=\"toggle-bar-icon\"><\/span><\/p>\n<h4 class=\"toggle-heading\">L'hotel si occuper\u00e0 dell'imballaggio dei miei auricolari wireless?<\/h4>\n<p><a class=\"toggle-icon\" tabindex=\"0\"><i aria-hidden=\"true\" class=\"fas fa-plus plus\"><\/i><i aria-hidden=\"true\" class=\"fas fa-minus minus\"><\/i><\/a><\/div>\n<div class=\"toggle-content\" aria-expanded=\"false\" style=\"display:none\">La risposta breve \u00e8 s\u00ec! Deliverback coordiner\u00e0 il processo di imballaggio con l'hotel e, dopo aver verificato che gli auricolari wireless smarriti sono stati ritrovati, fornir\u00e0 le istruzioni su come imballare gli auricolari wireless, stampare l'etichetta di spedizione e rispedirli all'indirizzo desiderato.<\/div>\n<\/div>\n<\/div><\/div>\n<\/div>\n<\/div>\n<\/div>\n<\/div>\n<\/section>\n<section class=\"section mcb-section mfn-default-section mcb-section-oqvj1m7be default-width\" style=\"\">\n<div class=\"mcb-background-overlay\"><\/div>\n<div class=\"section_wrapper mfn-wrapper-for-wraps mcb-section-inner mcb-section-inner-oqvj1m7be\">\n<div class=\"wrap mcb-wrap mcb-wrap-q3phb8yx8n one tablet-one laptop-one mobile-one clearfix\" data-desktop-col=\"one\" data-laptop-col=\"laptop-one\" data-tablet-col=\"tablet-one\" data-mobile-col=\"mobile-one\" style=\"\">\n<div class=\"mcb-wrap-inner mcb-wrap-inner-q3phb8yx8n mfn-module-wrapper mfn-wrapper-for-wraps\">\n<div class=\"mcb-wrap-background-overlay\"><\/div>\n<\/div>\n<\/div>\n<\/div>\n<\/section>\n<\/div><\/div>\n<p><meta property=\"og:title\" content=\"Recuperate gli auricolari wireless smarriti\"\/><br \/>\n      <meta property=\"og:description\" content=\"Recuperate pi\u00f9 velocemente i vostri auricolari wireless smarriti con Deliverback. Con sicurezza, velocit\u00e0 e il miglior prezzo\"\/><br \/>\n      <meta property=\"og:type\" content=\"article\"\/><br \/>\n      <meta property=\"og:url\" content=\"https:\/\/deliverback.com\/items\/wireless-earbuds\"\/><br \/>\n      <meta property=\"og:image\" content=\"https:\/\/deliverback.com\/wp-content\/uploads\/2024\/10\/Deliverback-hero-image.png\"\/><\/p>","protected":false},"excerpt":{"rendered":"<p>&nbsp; Forget your Wireless Earbuds at a hotel? Use Deliverback to get your lost Wireless Earbuds back fast! Just register your lost property request and we&#8217;ll<span class=\"excerpt-hellip\"> [\u2026]<\/span><\/p>\n","protected":false},"author":3,"featured_media":0,"parent":7059,"menu_order":0,"comment_status":"closed","ping_status":"closed","template":"template-portfolio.php","meta":{"footnotes":""},"class_list":["post-7135","page","type-page","status-publish","hentry"],"_links":{"self":[{"href":"https:\/\/deliverback.com\/it\/wp-json\/wp\/v2\/pages\/7135","targetHints":{"allow":["GET"]}}],"collection":[{"href":"https:\/\/deliverback.com\/it\/wp-json\/wp\/v2\/pages"}],"about":[{"href":"https:\/\/deliverback.com\/it\/wp-json\/wp\/v2\/types\/page"}],"author":[{"embeddable":true,"href":"https:\/\/deliverback.com\/it\/wp-json\/wp\/v2\/users\/3"}],"replies":[{"embeddable":true,"href":"https:\/\/deliverback.com\/it\/wp-json\/wp\/v2\/comments?post=7135"}],"version-history":[{"count":0,"href":"https:\/\/deliverback.com\/it\/wp-json\/wp\/v2\/pages\/7135\/revisions"}],"up":[{"embeddable":true,"href":"https:\/\/deliverback.com\/it\/wp-json\/wp\/v2\/pages\/7059"}],"wp:attachment":[{"href":"https:\/\/deliverback.com\/it\/wp-json\/wp\/v2\/media?parent=7135"}],"curies":[{"name":"wp","href":"https:\/\/api.w.org\/{rel}","templated":true}]}}