{"id":7173,"date":"2024-11-22T04:30:41","date_gmt":"2024-11-22T01:30:41","guid":{"rendered":"https:\/\/deliverback.com\/items\/board-game\/"},"modified":"2024-11-22T04:30:41","modified_gmt":"2024-11-22T01:30:41","slug":"board-game","status":"publish","type":"page","link":"https:\/\/deliverback.com\/pt\/items\/board-game\/","title":{"rendered":"Get your lost Board Game back"},"content":{"rendered":"<p><meta name=\"description\" content=\"Retrieve your lost Board Game faster using Deliverback. With safety, speed and the best price\"><\/p>\n<style>\n    .fa-minus{\n        visibility: hidden !important;\n    }<\/p>\n<p>    #Header_wrapper{\n        visibility: none !important;\n    }<\/p>\n<p>    #Subheader{\n        visibility: hidden !important;\n    }\n<\/style>\n<div class=\"entry-content\" itemprop=\"mainContentOfPage\">\n<div class=\"mfn-builder-content mfn-default-tmpl-builder\">\n<section class=\"section mcb-section mfn-default-section mcb-section-925b8ab3e  hide-tablet hide-mobile default-width\" style=\"\">\n<div class=\"mcb-background-overlay\"><\/div>\n<div class=\"section_wrapper mfn-wrapper-for-wraps mcb-section-inner mcb-section-inner-925b8ab3e\">\n<div class=\"wrap mcb-wrap mcb-wrap-5lvns93op one-sixth tablet-one-sixth laptop-one-sixth mobile-one  hide-mobile clearfix\" data-desktop-col=\"one-sixth\" data-laptop-col=\"laptop-one-sixth\" data-tablet-col=\"tablet-one-sixth\" data-mobile-col=\"mobile-one\" style=\"\">\n<div class=\"mcb-wrap-inner mcb-wrap-inner-5lvns93op mfn-module-wrapper mfn-wrapper-for-wraps\">\n<div class=\"mcb-wrap-background-overlay\"><\/div>\n<div class=\"column mcb-column mcb-item-0ylh5pedk one laptop-one tablet-one mobile-one column_placeholder\" style=\"\">\n<div class=\"mcb-column-inner mfn-module-wrapper mcb-column-inner-0ylh5pedk mcb-item-placeholder-inner\">\n<div class=\"placeholder\">&nbsp;<\/div>\n<\/div>\n<\/div>\n<\/div>\n<\/div>\n<div class=\"wrap mcb-wrap mcb-wrap-21c6a1ec0 two-third tablet-two-third laptop-two-third mobile-one clearfix\" data-desktop-col=\"two-third\" data-laptop-col=\"laptop-two-third\" data-tablet-col=\"tablet-two-third\" data-mobile-col=\"mobile-one\" style=\"\">\n<div class=\"mcb-wrap-inner mcb-wrap-inner-21c6a1ec0 mfn-module-wrapper mfn-wrapper-for-wraps\">\n<div class=\"mcb-wrap-background-overlay\"><\/div>\n<div class=\"column mcb-column mcb-item-vehxa6ac one laptop-one tablet-one mobile-one column_image image_wrapper\" style=\"visibility: hidden    \"><\/p>\n<div class=\"mcb-column-inner mfn-module-wrapper mcb-column-inner-vehxa6ac mcb-item-image-inner\">\n<div class=\"image_frame image_item no_link scale-with-grid alignnone no_border\"><\/div>\n<\/p><\/div>\n<\/div>\n<div class=\"column mcb-column mcb-item-a297777d7 one laptop-one tablet-one mobile-one column_heading\" style=\"\">\n<div class=\"mcb-column-inner mfn-module-wrapper mcb-column-inner-a297777d7 mcb-item-heading-inner\">\n<h1 class=\"title\">Forget your Board Game at a hotel?<\/h1>\n<\/div>\n<\/div>\n<div class=\"column mcb-column mcb-item-4301aaabc one laptop-one tablet-one mobile-one column_column\" style=\"\">\n<div class=\"mcb-column-inner mfn-module-wrapper mcb-column-inner-4301aaabc mcb-item-column-inner\">\n<div class=\"column_attr mfn-inline-editor clearfix\" style=\"\">\n<p style=\"text-align: center;\">Use Deliverback to get your lost Board Game back fast! Just register your lost property request and we&#8217;ll get back to you.<\/p>\n<\/div>\n<\/div>\n<\/div>\n<div class=\"column mcb-column mcb-item-uin7rinkr two-fifth laptop-one-second tablet-two-fifth mobile-one column_button mfn-item-inline\" style=\"\">\n<div class=\"mcb-column-inner mfn-module-wrapper mcb-column-inner-uin7rinkr mcb-item-button-inner\"><a class=\"button  button_theme button_size_2\" href=\"https:\/\/orders.deliverback.com\/?variant=hotel\" title=\"\"><span class=\"button_label\">Get your Board Game back<\/span><\/a>\n    <\/div>\n<\/div>\n<\/div>\n<\/div>\n<\/div>\n<\/section>\n<section class=\"section mcb-section mfn-default-section mcb-section-24eijsysn  hide-desktop hide-laptop default-width\" style=\"\">\n<div class=\"mcb-background-overlay\"><\/div>\n<div class=\"section_wrapper mfn-wrapper-for-wraps mcb-section-inner mcb-section-inner-24eijsysn\">\n<div class=\"wrap mcb-wrap mcb-wrap-096az6wo two-third tablet-one laptop-two-third mobile-one clearfix\" data-desktop-col=\"two-third\" data-laptop-col=\"laptop-two-third\" data-tablet-col=\"tablet-one\" data-mobile-col=\"mobile-one\" style=\"\">\n<div class=\"mcb-wrap-inner mcb-wrap-inner-096az6wo mfn-module-wrapper mfn-wrapper-for-wraps\">\n<div class=\"mcb-wrap-background-overlay\"><\/div>\n<div class=\"column mcb-column mcb-item-68jokorgp one laptop-one tablet-one mobile-one column_heading\" style=\"\">\n<div class=\"mcb-column-inner mfn-module-wrapper mcb-column-inner-68jokorgp mcb-item-heading-inner\">\n<h2 class=\"title\">Get your lost Board Game back<\/h2>\n<\/div>\n<\/div>\n<div class=\"column mcb-column mcb-item-rmdi75k0k one laptop-one tablet-one mobile-one column_column\" style=\"\">\n<div class=\"mcb-column-inner mfn-module-wrapper mcb-column-inner-rmdi75k0k mcb-item-column-inner\">\n<div class=\"column_attr mfn-inline-editor clearfix\" style=\"\">\n<p style=\"text-align: center;\">Use Deliverback to get your lost Board Game back fast! Just register your lost property request and we&#8217;ll get back to you.<\/p>\n<\/div>\n<\/div>\n<\/div>\n<div class=\"column mcb-column mcb-item-55e5kmrmi two-fifth laptop-one-second tablet-two-fifth mobile-one column_button mfn-item-inline\" style=\"\">\n<div class=\"mcb-column-inner mfn-module-wrapper mcb-column-inner-55e5kmrmi mcb-item-button-inner\"><a class=\"button  button_theme button_size_2\" href=\"https:\/\/orders.deliverback.com\/?variant=hotel\" title=\"\"><span class=\"button_label\">Get your Board Game back<\/span><\/a>\n    <\/div>\n<\/div>\n<\/div>\n<\/div>\n<\/div>\n<\/section>\n<section class=\"section mcb-section mfn-default-section mcb-section-4cc3472ba Scroll  hide-tablet hide-mobile default-width\" style=\"\">\n<div class=\"mcb-background-overlay\"><\/div>\n<div class=\"section_wrapper mfn-wrapper-for-wraps mcb-section-inner mcb-section-inner-4cc3472ba\">\n<div class=\"wrap mcb-wrap mcb-wrap-wqp17w0sg one-fifth tablet-one-fifth laptop-one-fifth mobile-one  hide-mobile clearfix\" data-desktop-col=\"one-fifth\" data-laptop-col=\"laptop-one-fifth\" data-tablet-col=\"tablet-one-fifth\" data-mobile-col=\"mobile-one\" style=\"\">\n<div class=\"mcb-wrap-inner mcb-wrap-inner-wqp17w0sg mfn-module-wrapper mfn-wrapper-for-wraps\">\n<div class=\"mcb-wrap-background-overlay\"><\/div>\n<div class=\"column mcb-column mcb-item-tbgol7apl one laptop-one tablet-one mobile-one column_placeholder\" style=\"\">\n<div class=\"mcb-column-inner mfn-module-wrapper mcb-column-inner-tbgol7apl mcb-item-placeholder-inner\">\n<div class=\"placeholder\">&nbsp;<\/div>\n<\/div>\n<\/div>\n<\/div>\n<\/div>\n<div id=\"how-it-works\" class=\"wrap mcb-wrap mcb-wrap-4ba716288 three-fifth tablet-three-fifth laptop-three-fifth mobile-one clearfix\" data-desktop-col=\"three-fifth\" data-laptop-col=\"laptop-three-fifth\" data-tablet-col=\"tablet-three-fifth\" data-mobile-col=\"mobile-one\" style=\"\">\n<div class=\"mcb-wrap-inner mcb-wrap-inner-4ba716288 mfn-module-wrapper mfn-wrapper-for-wraps\">\n<div class=\"mcb-wrap-background-overlay\"><\/div>\n<div class=\"column mcb-column mcb-item-f74dbafe0 one laptop-one tablet-one mobile-one mfn-line-clamp column_heading\" style=\"\">\n<div class=\"mcb-column-inner mfn-module-wrapper mcb-column-inner-f74dbafe0 mcb-item-heading-inner\">\n<h2 class=\"title\">Did you lose your Board Game during your travel?<\/h2>\n<\/div>\n<\/div>\n<div class=\"column mcb-column mcb-item-0jg8u0d4d one laptop-one tablet-one mobile-one column_divider_2\" style=\"\">\n<div class=\"mcb-column-inner mfn-module-wrapper mcb-column-inner-0jg8u0d4d mcb-item-divider_2-inner\">\n<div class=\"mfn-divider mfn-divider-border mfn-divider-border-solid mfn-divider-start\">\n<div class=\"mfn-divider-inner\"><\/div>\n<\/div><\/div>\n<\/div>\n<div class=\"column mcb-column mcb-item-bcdc6e415 one laptop-one tablet-one mobile-one column_column\" style=\"\">\n<div class=\"mcb-column-inner mfn-module-wrapper mcb-column-inner-bcdc6e415 mcb-item-column-inner\">\n<div class=\"column_attr mfn-inline-editor clearfix\" style=\"\">\n<p>You are not alone if you lost your Board Game. Millions of travelers lose their personal items every year and they are looking for ways to get them back!<\/p>\n<p>Lost your Board Game? Deliverback can help you get it back quickly and safely.<\/p>\n<p>Board Games are often forgotten in hotel rooms or public spaces due to their portable nature. Losing such items, while sometimes minor, can still disrupt a traveler&#8217;s comfort or routine. Hotels frequently report these as common forgotten items.<\/p>\n<p>If you&#8217;ve misplaced your Board Game, quickly contact the hotel to check if it&#8217;s been found. You can also file a claim with Deliverback to ensure a quick and stress-free recovery. We specialize in recovering all types of lost items and will make sure your Board Game is safely returned.<\/p>\n<p>By simply filling out the short form below, we will notify your Hotel or Airport about your missing valuable. You&#8217;ll have the option to compare several shipping methods to save on costs or let your hotel\/Airport know when you&#8217;ll be coming back to pick up your property in person. We&#8217;re here to help you get back your Board Game!<\/p>\n<\/div>\n<\/div>\n<\/div>\n<div class=\"column mcb-column mcb-item-10lje2neg one laptop-one tablet-one mobile-one column_heading\" style=\"\">\n<div class=\"mcb-column-inner mfn-module-wrapper mcb-column-inner-10lje2neg mcb-item-heading-inner\">\n<h3 class=\"title\">Processo simples de Perdidos e Achados para recuperar o seu objeto esquecido!<\/h3>\n<\/div>\n<\/div>\n<div class=\"column mcb-column mcb-item-efnh3jiuc one laptop-one tablet-one mobile-one column_column\" style=\"\">\n<div class=\"mcb-column-inner mfn-module-wrapper mcb-column-inner-efnh3jiuc mcb-item-column-inner\">\n<div class=\"column_attr mfn-inline-editor clearfix\" style=\"\">\n<ul class=\"list-checked list-primary list-circle font-size-lg list-xl mt-3 leading-8\">\n<li><span style=\"color: #070808;\">Fill out the form below declaring what exactly you lost and complete the payment for your lost Board Game<\/span><\/li>\n<li><span style=\"color: #070808;\">Deliverback contacts your hotel\/Airport to confirm that the Board Game that you specified has been found.&nbsp;<\/span><\/li>\n<li><span style=\"color: #070808;\">If the Board Game was not found, Deliverback will automatically refund you the paid amount<\/span><\/li>\n<li><span style=\"color: #070808;\">Suppose the Board Game is at the hotel and it is confirmed that your Board Game is ready to be shipped, we will pick up your Board Game in collaboration with our courier companies<\/span><\/li>\n<li><span style=\"color: #070808;\">Permitimos-lhe comparar v\u00e1rias empresas de transporte mar\u00edtimo, como a FedEx, a UPS, a DHL e muitas outras.<\/span><\/li>\n<li><span style=\"color: #070808;\">Assim que o hotel\/aeroporto confirmar que a embalagem est\u00e1 pronta e que a etiqueta de envio foi impressa, a Deliverback enviar\u00e1 a empresa de transporte selecionada para efetuar a recolha no hotel<\/span><\/li>\n<li><span style=\"color: #070808;\">You will receive email notifications regarding the status of your order and where your lost Board Game is<\/span><\/li>\n<\/ul>\n<p style=\"color: #070808;\">Se tiver alguma quest\u00e3o relacionada com o processo de Perdidos e Achados acima mencionado, n\u00e3o hesite em contactar o nosso servi\u00e7o de apoio diretamente por correio eletr\u00f3nico para support@deliverback.com.<\/p>\n<\/div>\n<\/div>\n<\/div>\n<div class=\"column mcb-column mcb-item-kt3m6rx4o two-fifth laptop-one-second tablet-two-fifth mobile-one column_button mfn-item-inline\" style=\"\">\n<div class=\"mcb-column-inner mfn-module-wrapper mcb-column-inner-kt3m6rx4o mcb-item-button-inner\"><a class=\"button  button_full_width button_theme button_size_2\" href=\"https:\/\/orders.deliverback.com\/?variant=hotel\" title=\"\"><span class=\"button_label\">Get your Board Game back<\/span><\/a>\n    <\/div>\n<\/div>\n<\/div>\n<\/div>\n<\/div>\n<\/section>\n<section class=\"section mcb-section mfn-default-section mcb-section-rm2vuojg5 Scroll  hide-desktop hide-laptop hide-laptop hide-laptop hide-laptop default-width\" style=\"\">\n<div class=\"mcb-background-overlay\"><\/div>\n<div class=\"section_wrapper mfn-wrapper-for-wraps mcb-section-inner mcb-section-inner-rm2vuojg5\">\n<div id=\"how-it-works\" class=\"wrap mcb-wrap mcb-wrap-zyz313fog three-fifth tablet-one laptop-three-fifth mobile-one clearfix\" data-desktop-col=\"three-fifth\" data-laptop-col=\"laptop-three-fifth\" data-tablet-col=\"tablet-one\" data-mobile-col=\"mobile-one\" style=\"\">\n<div class=\"mcb-wrap-inner mcb-wrap-inner-zyz313fog mfn-module-wrapper mfn-wrapper-for-wraps\">\n<div class=\"mcb-wrap-background-overlay\"><\/div>\n<div class=\"column mcb-column mcb-item-ob98rzkgu one laptop-one tablet-one mobile-one mfn-line-clamp column_heading\" style=\"\">\n<div class=\"mcb-column-inner mfn-module-wrapper mcb-column-inner-ob98rzkgu mcb-item-heading-inner\">\n<h2 class=\"title\">Did you lose a your Board Game during your travel?<\/h2>\n<\/div>\n<\/div>\n<div class=\"column mcb-column mcb-item-0bz0nqtx one laptop-one tablet-one mobile-one column_divider_2\" style=\"\">\n<div class=\"mcb-column-inner mfn-module-wrapper mcb-column-inner-0bz0nqtx mcb-item-divider_2-inner\">\n<div class=\"mfn-divider mfn-divider-border mfn-divider-border-solid mfn-divider-start\">\n<div class=\"mfn-divider-inner\"><\/div>\n<\/div><\/div>\n<\/div>\n<div class=\"column mcb-column mcb-item-llkrj9udl one laptop-one tablet-one mobile-one column_column\" style=\"\">\n<div class=\"mcb-column-inner mfn-module-wrapper mcb-column-inner-llkrj9udl mcb-item-column-inner\">\n<div class=\"column_attr mfn-inline-editor clearfix\" style=\"\">\n<p style=\"text-align: left;\"><span style=\"letter-spacing: 0px;\">Over 1 Billion items are lost every year so you\u2019re not alone. We&#8217;re sorry to hear that you&#8217;ve misplaced your Board Game at the your hotel, but luckily Deliverback is here to help you find it and get it delivered back to you FAST!&nbsp;<\/span><\/p>\n<p style=\"text-align: left;\"><span style=\"letter-spacing: 0px;\">Simply fill out the short form below to let this location know you have left your valuable. Compare multiple shipping options to save yourself some money or notify the hotel when you will return to pickup your Board Game.<\/span><\/p>\n<\/div>\n<\/div>\n<\/div>\n<div class=\"column mcb-column mcb-item-8w1qtqvk9 one laptop-one tablet-one mobile-one column_heading\" style=\"\">\n<div class=\"mcb-column-inner mfn-module-wrapper mcb-column-inner-8w1qtqvk9 mcb-item-heading-inner\">\n<h3 class=\"title\">Processo simples de Perdidos e Achados para recuperar o seu objeto esquecido!<\/h3>\n<\/div>\n<\/div>\n<div class=\"column mcb-column mcb-item-ki51cxmnb one laptop-one tablet-one mobile-one column_column\" style=\"\">\n<div class=\"mcb-column-inner mfn-module-wrapper mcb-column-inner-ki51cxmnb mcb-item-column-inner\">\n<div class=\"column_attr mfn-inline-editor clearfix\" style=\"\">\n<ul class=\"list-checked list-primary list-circle font-size-lg list-xl mt-3 leading-8\">\n<li><span style=\"color: #283b4e;\">Preencha o formul\u00e1rio abaixo declarando o que perdeu exatamente.<\/span><\/li>\n<li><span style=\"color: #283b4e;\">Deliverback contacts the hotel\/airport to confirm that the Board Game that you specified has been found.<\/span><\/li>\n<li><span style=\"color: #283b4e;\">After confirming that your Board Game is ready to be shipped, we send you an email to create and pay for a shipping label. We allow you to compare multiple shipping companies such as FedEx, UPS, USPS, Canada Post, DHL, and many more.<\/span><\/li>\n<li><span style=\"color: #283b4e;\">Once the payment is confirmed, Deliverback sends the shipping company in the location to get your Board Game and deliver it back to you!<\/span><\/li>\n<\/ul>\n<h4>Here is a customer story for a lost Board Game<\/h4>\n<p>A traveler accidentally left their Board Game behind in the hotel bathroom after packing in a rush. Using Deliverback, they quickly filed a claim. Our team contacted the hotel, located the Board Game, and arranged for its secure return, ensuring they were prepared for their next trip.<\/p>\n<h4>Perguntas adicionais?<\/h4>\n<p>Se tiver alguma quest\u00e3o relacionada com o processo de Perdidos e Achados acima mencionado, n\u00e3o hesite em contactar diretamente o nosso servi\u00e7o de apoio por correio eletr\u00f3nico para support@deliverback.com<\/p>\n<\/div>\n<\/div>\n<\/div>\n<div class=\"column mcb-column mcb-item-m18wim0l two-fifth laptop-one-second tablet-two-fifth mobile-one column_button mfn-item-inline\" style=\"\">\n<div class=\"mcb-column-inner mfn-module-wrapper mcb-column-inner-m18wim0l mcb-item-button-inner\"><a class=\"button  button_full_width button_theme button_size_2\" href=\"https:\/\/orders.deliverback.com\/?variant=hotel\" title=\"\"><span class=\"button_label\">Get your Board Game back<\/span><\/a>\n    <\/div>\n<\/div>\n<\/div>\n<\/div>\n<\/div>\n<\/section>\n<section class=\"section mcb-section mfn-default-section mcb-section-ywwwuzl2 default-width\" style=\"\">\n<div class=\"mcb-background-overlay\"><\/div>\n<div class=\"section_wrapper mfn-wrapper-for-wraps mcb-section-inner mcb-section-inner-ywwwuzl2\">\n<div class=\"wrap mcb-wrap mcb-wrap-nfol0hyw one-fifth tablet-one-fifth laptop-one-fifth mobile-one  hide-tablet hide-mobile clearfix\" data-desktop-col=\"one-fifth\" data-laptop-col=\"laptop-one-fifth\" data-tablet-col=\"tablet-one-fifth\" data-mobile-col=\"mobile-one\" style=\"\">\n<div class=\"mcb-wrap-inner mcb-wrap-inner-nfol0hyw mfn-module-wrapper mfn-wrapper-for-wraps\">\n<div class=\"mcb-wrap-background-overlay\"><\/div>\n<div class=\"column mcb-column mcb-item-lm0crbhl one laptop-one tablet-one mobile-one column_placeholder\" style=\"\">\n<div class=\"mcb-column-inner mfn-module-wrapper mcb-column-inner-lm0crbhl mcb-item-placeholder-inner\">\n<div class=\"placeholder\">&nbsp;<\/div>\n<\/div>\n<\/div>\n<\/div>\n<\/div>\n<div class=\"wrap mcb-wrap mcb-wrap-o2toy2uks three-fifth tablet-one laptop-three-fifth mobile-one clearfix\" data-desktop-col=\"three-fifth\" data-laptop-col=\"laptop-three-fifth\" data-tablet-col=\"tablet-one\" data-mobile-col=\"mobile-one\" style=\"\">\n<div class=\"mcb-wrap-inner mcb-wrap-inner-o2toy2uks mfn-module-wrapper mfn-wrapper-for-wraps\">\n<div class=\"mcb-wrap-background-overlay\"><\/div>\n<div class=\"column mcb-column mcb-item-22d7ttpt one laptop-one tablet-one mobile-one column_heading\" style=\"\">\n<div class=\"mcb-column-inner mfn-module-wrapper mcb-column-inner-22d7ttpt mcb-item-heading-inner\">\n<h3 class=\"title\">Frequently Asked questions about your lost Board Game at a hotels or airport<\/h3>\n<\/div>\n<\/div>\n<div class=\"column mcb-column mcb-item-1idag1kn one laptop-one tablet-one mobile-one column_toggle\" style=\"\">\n<div class=\"mcb-column-inner mfn-module-wrapper mcb-column-inner-1idag1kn mcb-item-toggle-inner\">\n<div class=\"mfn-toggle mfn-toggle-ordered mfn-toggle-divider mfn-toggle-icon-disable\">\n<div class=\"mfn-toggle-item\" style=\"counter-set:my-sec-counter 0\">\n<div class=\"toggle-bar\"><span class=\"toggle-bar-icon\"><\/span><\/p>\n<h4 class=\"toggle-heading\">How can I get back my lost Board Game from a hotel?<\/h4>\n<p><a class=\"toggle-icon\" tabindex=\"0\"><i aria-hidden=\"true\" class=\"fas fa-plus plus\"><\/i><i aria-hidden=\"true\" class=\"fas fa-minus minus\"><\/i><\/a><\/div>\n<div class=\"toggle-content\" aria-expanded=\"false\" style=\"display:none\">To get back your lost Board Game from a hotel you can use Deliverback. Just click the button above and start the lost Board Game retrieval process. Once you fill in your details and complete the payment, Deliverback will coordinate the pickup with your hotel and will send the Board Game back to you<\/div>\n<\/div>\n<hr class=\"toggle-divider\">\n<div class=\"mfn-toggle-item\">\n<div class=\"toggle-bar\"><span class=\"toggle-bar-icon\"><\/span><\/p>\n<h4 class=\"toggle-heading\">What is the cost for retrieving my lost Board Game from a hotel?<\/h4>\n<p><a class=\"toggle-icon\" tabindex=\"0\"><i aria-hidden=\"true\" class=\"fas fa-plus plus\"><\/i><i aria-hidden=\"true\" class=\"fas fa-minus minus\"><\/i><\/a><\/div>\n<div class=\"toggle-content\" aria-expanded=\"false\" style=\"display:none\">The cost to retrieve your lost Board Game from a hotel depends in a lot of factors such as your delivery address and the size of the package that will be used to pack your Board Game. When filling in our form we will automatically calculate the cost providing several options to you<\/div>\n<\/div>\n<hr class=\"toggle-divider\">\n<div class=\"mfn-toggle-item\">\n<div class=\"toggle-bar\"><span class=\"toggle-bar-icon\"><\/span><\/p>\n<h4 class=\"toggle-heading\">What is the estimated time of delivery of a Board Game from a hotel?<\/h4>\n<p><a class=\"toggle-icon\" tabindex=\"0\"><i aria-hidden=\"true\" class=\"fas fa-plus plus\"><\/i><i aria-hidden=\"true\" class=\"fas fa-minus minus\"><\/i><\/a><\/div>\n<div class=\"toggle-content\" aria-expanded=\"false\" style=\"display:none\">The estimated delivery time it depends on your hotel as well as the shipping company that you will select to pick up your lost Board Game and deliver it to your address. A typical duration is 2-5 days but please find more details in our order form (click the button above)<\/div>\n<\/div>\n<hr class=\"toggle-divider\">\n<div class=\"mfn-toggle-item\">\n<div class=\"toggle-bar\"><span class=\"toggle-bar-icon\"><\/span><\/p>\n<h4 class=\"toggle-heading\">Is the hotel going to handle the packaging of my Board Game?<\/h4>\n<p><a class=\"toggle-icon\" tabindex=\"0\"><i aria-hidden=\"true\" class=\"fas fa-plus plus\"><\/i><i aria-hidden=\"true\" class=\"fas fa-minus minus\"><\/i><\/a><\/div>\n<div class=\"toggle-content\" aria-expanded=\"false\" style=\"display:none\">The short answer is yes! Deliverback will coordinate the packaging process with your hotel and upon verifying that your lost Board Game was found will provide instructions on how to pack the Board Game, print the shipping label and ship it back to your desired address<\/div>\n<\/div>\n<\/div><\/div>\n<\/div>\n<\/div>\n<\/div>\n<\/div>\n<\/section>\n<section class=\"section mcb-section mfn-default-section mcb-section-oqvj1m7be default-width\" style=\"\">\n<div class=\"mcb-background-overlay\"><\/div>\n<div class=\"section_wrapper mfn-wrapper-for-wraps mcb-section-inner mcb-section-inner-oqvj1m7be\">\n<div class=\"wrap mcb-wrap mcb-wrap-q3phb8yx8n one tablet-one laptop-one mobile-one clearfix\" data-desktop-col=\"one\" data-laptop-col=\"laptop-one\" data-tablet-col=\"tablet-one\" data-mobile-col=\"mobile-one\" style=\"\">\n<div class=\"mcb-wrap-inner mcb-wrap-inner-q3phb8yx8n mfn-module-wrapper mfn-wrapper-for-wraps\">\n<div class=\"mcb-wrap-background-overlay\"><\/div>\n<\/div>\n<\/div>\n<\/div>\n<\/section>\n<\/div><\/div>\n<p><meta property=\"og:title\" content=\"Get your lost Board Game back\"\/><br \/>\n      <meta property=\"og:description\" content=\"Retrieve your lost Board Game faster using Deliverback. With safety, speed and the best price\"\/><br \/>\n      <meta property=\"og:type\" content=\"article\"\/><br \/>\n      <meta property=\"og:url\" content=\"https:\/\/deliverback.com\/items\/board-game\"\/><br \/>\n      <meta property=\"og:image\" content=\"https:\/\/deliverback.com\/wp-content\/uploads\/2024\/10\/Deliverback-hero-image.png\"\/><\/p>","protected":false},"excerpt":{"rendered":"<p>&nbsp; Forget your Board Game at a hotel? Use Deliverback to get your lost Board Game back fast! Just register your lost property request and we&#8217;ll<span class=\"excerpt-hellip\"> [\u2026]<\/span><\/p>\n","protected":false},"author":3,"featured_media":0,"parent":7059,"menu_order":0,"comment_status":"closed","ping_status":"closed","template":"template-portfolio.php","meta":{"footnotes":""},"class_list":["post-7173","page","type-page","status-publish","hentry"],"_links":{"self":[{"href":"https:\/\/deliverback.com\/pt\/wp-json\/wp\/v2\/pages\/7173","targetHints":{"allow":["GET"]}}],"collection":[{"href":"https:\/\/deliverback.com\/pt\/wp-json\/wp\/v2\/pages"}],"about":[{"href":"https:\/\/deliverback.com\/pt\/wp-json\/wp\/v2\/types\/page"}],"author":[{"embeddable":true,"href":"https:\/\/deliverback.com\/pt\/wp-json\/wp\/v2\/users\/3"}],"replies":[{"embeddable":true,"href":"https:\/\/deliverback.com\/pt\/wp-json\/wp\/v2\/comments?post=7173"}],"version-history":[{"count":0,"href":"https:\/\/deliverback.com\/pt\/wp-json\/wp\/v2\/pages\/7173\/revisions"}],"up":[{"embeddable":true,"href":"https:\/\/deliverback.com\/pt\/wp-json\/wp\/v2\/pages\/7059"}],"wp:attachment":[{"href":"https:\/\/deliverback.com\/pt\/wp-json\/wp\/v2\/media?parent=7173"}],"curies":[{"name":"wp","href":"https:\/\/api.w.org\/{rel}","templated":true}]}}